{"id":4817,"date":"2025-11-03T21:59:09","date_gmt":"2025-11-03T21:59:09","guid":{"rendered":"https:\/\/senzorika.ajvonidol.si\/?post_type=product&#038;p=4817"},"modified":"2025-12-31T08:33:40","modified_gmt":"2025-12-31T08:33:40","slug":"hexagon-liquid-tile-set-of-4","status":"publish","type":"product","link":"https:\/\/senzorika-varga.si\/en\/product\/hexagon-liquid-tile-set-of-4\/","title":{"rendered":"\u0160esterokotne teko\u010de plo\u0161\u010dice &#8211; komplet 4"},"content":{"rendered":"<div><!--block-->\u0160esterokotne teko\u010de plo\u0161\u010dice &#8211; komplet 4 lahko zagotovi \u010dudovito vizualno in otipno izku\u0161njo, ki spodbuja otroke k gibanju in ustvarjanju ve\u010d telesne dejavnosti.<\/div>","protected":false},"excerpt":{"rendered":"<p>\u0160esterokotne teko\u010de plo\u0161\u010dice &#8211; komplet 4<\/p>","protected":false},"featured_media":6225,"menu_order":0,"comment_status":"open","ping_status":"closed","template":"","meta":[],"product_brand":[],"product_cat":[101,104,125,80,84,105],"product_tag":[],"class_list":{"0":"post-4817","1":"product","2":"type-product","3":"status-publish","4":"has-post-thumbnail","6":"product_cat-motorika","7":"product_cat-seganje","8":"product_cat-snoezelen","9":"product_cat-taktilni-pripomocki","10":"product_cat-taktilno-razlikovanje","11":"product_cat-terapija","13":"first","14":"instock","15":"taxable","16":"shipping-taxable","17":"purchasable","18":"product-type-simple"},"jetpack_sharing_enabled":true,"_links":{"self":[{"href":"https:\/\/senzorika-varga.si\/en\/wp-json\/wp\/v2\/product\/4817","targetHints":{"allow":["GET"]}}],"collection":[{"href":"https:\/\/senzorika-varga.si\/en\/wp-json\/wp\/v2\/product"}],"about":[{"href":"https:\/\/senzorika-varga.si\/en\/wp-json\/wp\/v2\/types\/product"}],"replies":[{"embeddable":true,"href":"https:\/\/senzorika-varga.si\/en\/wp-json\/wp\/v2\/comments?post=4817"}],"version-history":[{"count":1,"href":"https:\/\/senzorika-varga.si\/en\/wp-json\/wp\/v2\/product\/4817\/revisions"}],"predecessor-version":[{"id":4818,"href":"https:\/\/senzorika-varga.si\/en\/wp-json\/wp\/v2\/product\/4817\/revisions\/4818"}],"wp:featuredmedia":[{"embeddable":true,"href":"https:\/\/senzorika-varga.si\/en\/wp-json\/wp\/v2\/media\/6225"}],"wp:attachment":[{"href":"https:\/\/senzorika-varga.si\/en\/wp-json\/wp\/v2\/media?parent=4817"}],"wp:term":[{"taxonomy":"product_brand","embeddable":true,"href":"https:\/\/senzorika-varga.si\/en\/wp-json\/wp\/v2\/product_brand?post=4817"},{"taxonomy":"product_cat","embeddable":true,"href":"https:\/\/senzorika-varga.si\/en\/wp-json\/wp\/v2\/product_cat?post=4817"},{"taxonomy":"product_tag","embeddable":true,"href":"https:\/\/senzorika-varga.si\/en\/wp-json\/wp\/v2\/product_tag?post=4817"}],"curies":[{"name":"wp","href":"https:\/\/api.w.org\/{rel}","templated":true}]}}