{"id":4815,"date":"2025-11-03T21:59:09","date_gmt":"2025-11-03T21:59:09","guid":{"rendered":"https:\/\/senzorika.ajvonidol.si\/?post_type=product&#038;p=4815"},"modified":"2026-01-11T22:12:48","modified_gmt":"2026-01-11T22:12:48","slug":"rainbow-wall-panel","status":"publish","type":"product","link":"https:\/\/senzorika-varga.si\/en\/product\/rainbow-wall-panel\/","title":{"rendered":"Mavri\u010dna stenska plo\u0161\u010da"},"content":{"rendered":"<div><!--block-->Mavri\u010dna ukrivljena stena spodbuja otroke, da se dvignejo in sklonijo, da bi raziskali vse njene dejavnosti.<\/div>","protected":false},"excerpt":{"rendered":"<p>Mavri\u010dna stenska plo\u0161\u010da<\/p>","protected":false},"featured_media":5943,"menu_order":0,"comment_status":"open","ping_status":"closed","template":"","meta":[],"product_brand":[],"product_cat":[102,101,125,85,80,84],"product_tag":[],"class_list":{"0":"post-4815","1":"product","2":"type-product","3":"status-publish","4":"has-post-thumbnail","6":"product_cat-fina-motorika","7":"product_cat-motorika","8":"product_cat-snoezelen","9":"product_cat-taktilne-stene","10":"product_cat-taktilni-pripomocki","11":"product_cat-taktilno-razlikovanje","13":"first","14":"instock","15":"taxable","16":"shipping-taxable","17":"purchasable","18":"product-type-simple"},"jetpack_sharing_enabled":true,"_links":{"self":[{"href":"https:\/\/senzorika-varga.si\/en\/wp-json\/wp\/v2\/product\/4815","targetHints":{"allow":["GET"]}}],"collection":[{"href":"https:\/\/senzorika-varga.si\/en\/wp-json\/wp\/v2\/product"}],"about":[{"href":"https:\/\/senzorika-varga.si\/en\/wp-json\/wp\/v2\/types\/product"}],"replies":[{"embeddable":true,"href":"https:\/\/senzorika-varga.si\/en\/wp-json\/wp\/v2\/comments?post=4815"}],"version-history":[{"count":1,"href":"https:\/\/senzorika-varga.si\/en\/wp-json\/wp\/v2\/product\/4815\/revisions"}],"predecessor-version":[{"id":4816,"href":"https:\/\/senzorika-varga.si\/en\/wp-json\/wp\/v2\/product\/4815\/revisions\/4816"}],"wp:featuredmedia":[{"embeddable":true,"href":"https:\/\/senzorika-varga.si\/en\/wp-json\/wp\/v2\/media\/5943"}],"wp:attachment":[{"href":"https:\/\/senzorika-varga.si\/en\/wp-json\/wp\/v2\/media?parent=4815"}],"wp:term":[{"taxonomy":"product_brand","embeddable":true,"href":"https:\/\/senzorika-varga.si\/en\/wp-json\/wp\/v2\/product_brand?post=4815"},{"taxonomy":"product_cat","embeddable":true,"href":"https:\/\/senzorika-varga.si\/en\/wp-json\/wp\/v2\/product_cat?post=4815"},{"taxonomy":"product_tag","embeddable":true,"href":"https:\/\/senzorika-varga.si\/en\/wp-json\/wp\/v2\/product_tag?post=4815"}],"curies":[{"name":"wp","href":"https:\/\/api.w.org\/{rel}","templated":true}]}}