{"id":4809,"date":"2025-11-03T21:59:08","date_gmt":"2025-11-03T21:59:08","guid":{"rendered":"https:\/\/senzorika.ajvonidol.si\/?post_type=product&#038;p=4809"},"modified":"2025-12-31T08:33:29","modified_gmt":"2025-12-31T08:33:29","slug":"svetlobna-miza","status":"publish","type":"product","link":"https:\/\/senzorika-varga.si\/en\/product\/svetlobna-miza\/","title":{"rendered":"Neurejena miza razpolo\u017eenja"},"content":{"rendered":"<div><!--block-->Osvetljen kraj za raziskovanje.<br \/>\nVklju\u010duje mo\u010dan pokrov, stvari izven dosega (vendar \u0161e vedno vidne) in zagotavljajo ravno mizo za miselno igro. Odstranite pokrov s svetlobne mize in se igra naj za\u010dne.<\/div>\n<div><\/div>\n<div>Svetlobna miza z vodotesno igralno povr\u0161ino.<br \/>\nNapolnite s peskom, sluzjo, vodo ali klasi\u010dnimi svetlobnimi dejavnostmi.<br \/>\nS svetlobo, ki spreminja barvo, se igra nikoli ne kon\u010da.<br \/>\nZ name\u0161\u010denim pokrovom dobite lepo ravno igralno povr\u0161ino.Polnilna in brez\u017ei\u010dna.<\/p>\n<p>Prilo\u017een kabel za polnjenje.<\/p>\n<\/div>","protected":false},"excerpt":{"rendered":"<p>Neurejena miza razpolo\u017eenja<\/p>","protected":false},"featured_media":7347,"menu_order":0,"comment_status":"open","ping_status":"closed","template":"","meta":[],"product_brand":[],"product_cat":[71,102,70,101,129,104,125,80,84,68],"product_tag":[],"class_list":{"0":"post-4809","1":"product","2":"type-product","3":"status-publish","4":"has-post-thumbnail","6":"product_cat-barve","7":"product_cat-fina-motorika","8":"product_cat-gledanje","9":"product_cat-motorika","10":"product_cat-projektorji","11":"product_cat-seganje","12":"product_cat-snoezelen","13":"product_cat-taktilni-pripomocki","14":"product_cat-taktilno-razlikovanje","15":"product_cat-vizualni-pripomocki","17":"first","18":"instock","19":"taxable","20":"shipping-taxable","21":"purchasable","22":"product-type-simple"},"jetpack_sharing_enabled":true,"_links":{"self":[{"href":"https:\/\/senzorika-varga.si\/en\/wp-json\/wp\/v2\/product\/4809","targetHints":{"allow":["GET"]}}],"collection":[{"href":"https:\/\/senzorika-varga.si\/en\/wp-json\/wp\/v2\/product"}],"about":[{"href":"https:\/\/senzorika-varga.si\/en\/wp-json\/wp\/v2\/types\/product"}],"replies":[{"embeddable":true,"href":"https:\/\/senzorika-varga.si\/en\/wp-json\/wp\/v2\/comments?post=4809"}],"version-history":[{"count":5,"href":"https:\/\/senzorika-varga.si\/en\/wp-json\/wp\/v2\/product\/4809\/revisions"}],"predecessor-version":[{"id":9766,"href":"https:\/\/senzorika-varga.si\/en\/wp-json\/wp\/v2\/product\/4809\/revisions\/9766"}],"wp:featuredmedia":[{"embeddable":true,"href":"https:\/\/senzorika-varga.si\/en\/wp-json\/wp\/v2\/media\/7347"}],"wp:attachment":[{"href":"https:\/\/senzorika-varga.si\/en\/wp-json\/wp\/v2\/media?parent=4809"}],"wp:term":[{"taxonomy":"product_brand","embeddable":true,"href":"https:\/\/senzorika-varga.si\/en\/wp-json\/wp\/v2\/product_brand?post=4809"},{"taxonomy":"product_cat","embeddable":true,"href":"https:\/\/senzorika-varga.si\/en\/wp-json\/wp\/v2\/product_cat?post=4809"},{"taxonomy":"product_tag","embeddable":true,"href":"https:\/\/senzorika-varga.si\/en\/wp-json\/wp\/v2\/product_tag?post=4809"}],"curies":[{"name":"wp","href":"https:\/\/api.w.org\/{rel}","templated":true}]}}