{"id":4807,"date":"2025-11-03T21:59:08","date_gmt":"2025-11-03T21:59:08","guid":{"rendered":"https:\/\/senzorika.ajvonidol.si\/?post_type=product&#038;p=4807"},"modified":"2025-12-31T08:33:54","modified_gmt":"2025-12-31T08:33:54","slug":"squash-tubes","status":"publish","type":"product","link":"https:\/\/senzorika-varga.si\/en\/product\/squash-tubes\/","title":{"rendered":"Napihljiva valja"},"content":{"rendered":"<div><!--block-->Ulezite se na valja in lastna telesna te\u017ea ustvari lep &#8220;objem&#8221;. Napihljiva valja prijetno pritisneta ob telo. Valj\u010dki so napihljivi. Do\u017eivetje je mehko, ne\u017eno in napihljivo. Za ljudi, ki potrebujejo pomo\u010d pri sprostitvi in pove\u010danju zavedanja o svojem telesu.<\/div>","protected":false},"excerpt":{"rendered":"<p>Napihljiva valja<\/p>","protected":false},"featured_media":8019,"menu_order":0,"comment_status":"open","ping_status":"closed","template":"","meta":[],"product_brand":[],"product_cat":[98,95],"product_tag":[],"class_list":{"0":"post-4807","1":"product","2":"type-product","3":"status-publish","4":"has-post-thumbnail","6":"product_cat-obcutek-telesa","7":"product_cat-propriocepcija","9":"first","10":"instock","11":"taxable","12":"shipping-taxable","13":"purchasable","14":"product-type-simple"},"jetpack_sharing_enabled":true,"_links":{"self":[{"href":"https:\/\/senzorika-varga.si\/en\/wp-json\/wp\/v2\/product\/4807","targetHints":{"allow":["GET"]}}],"collection":[{"href":"https:\/\/senzorika-varga.si\/en\/wp-json\/wp\/v2\/product"}],"about":[{"href":"https:\/\/senzorika-varga.si\/en\/wp-json\/wp\/v2\/types\/product"}],"replies":[{"embeddable":true,"href":"https:\/\/senzorika-varga.si\/en\/wp-json\/wp\/v2\/comments?post=4807"}],"version-history":[{"count":1,"href":"https:\/\/senzorika-varga.si\/en\/wp-json\/wp\/v2\/product\/4807\/revisions"}],"predecessor-version":[{"id":4808,"href":"https:\/\/senzorika-varga.si\/en\/wp-json\/wp\/v2\/product\/4807\/revisions\/4808"}],"wp:featuredmedia":[{"embeddable":true,"href":"https:\/\/senzorika-varga.si\/en\/wp-json\/wp\/v2\/media\/8019"}],"wp:attachment":[{"href":"https:\/\/senzorika-varga.si\/en\/wp-json\/wp\/v2\/media?parent=4807"}],"wp:term":[{"taxonomy":"product_brand","embeddable":true,"href":"https:\/\/senzorika-varga.si\/en\/wp-json\/wp\/v2\/product_brand?post=4807"},{"taxonomy":"product_cat","embeddable":true,"href":"https:\/\/senzorika-varga.si\/en\/wp-json\/wp\/v2\/product_cat?post=4807"},{"taxonomy":"product_tag","embeddable":true,"href":"https:\/\/senzorika-varga.si\/en\/wp-json\/wp\/v2\/product_tag?post=4807"}],"curies":[{"name":"wp","href":"https:\/\/api.w.org\/{rel}","templated":true}]}}