{"id":4803,"date":"2025-11-03T21:59:07","date_gmt":"2025-11-03T21:59:07","guid":{"rendered":"https:\/\/senzorika.ajvonidol.si\/?post_type=product&#038;p=4803"},"modified":"2025-12-31T08:35:49","modified_gmt":"2025-12-31T08:35:49","slug":"genie-buttons","status":"publish","type":"product","link":"https:\/\/senzorika-varga.si\/en\/product\/genie-buttons\/","title":{"rendered":"Krmilnik za ognjemete"},"content":{"rendered":"<div><!--block-->Na\u0161 novi gumb za upravljanje je fantasti\u010dno orodje za nadzor v va\u0161i senzorni sobi. Gumbi so iz udobnega v materiala, barve so jasne in prijetne. Gumbi so visokokakovostni, da prenesejo \u0161tevilne pritiske in mo\u010dne prijeme, vendar je za delovanje potreben le rahel pritisk.<\/p>\n<p>Z gumbi lahko spremenite barvo svojih izdelkov, ki ste jih izbrali za nadzor, kot so mehur\u010dkasta cev, krogli\u010dno morje, svetlobni trak, zra\u010dna cev Hurricane, vodna stena itd.<\/p>\n<\/div>","protected":false},"excerpt":{"rendered":"<p>Krmilnik za ognjemete<\/p>","protected":false},"featured_media":8651,"menu_order":0,"comment_status":"open","ping_status":"closed","template":"","meta":[],"product_brand":[],"product_cat":[132,125],"product_tag":[],"class_list":{"0":"post-4803","1":"product","2":"type-product","3":"status-publish","4":"has-post-thumbnail","6":"product_cat-mse-kontrolniki","7":"product_cat-snoezelen","9":"first","10":"instock","11":"taxable","12":"shipping-taxable","13":"purchasable","14":"product-type-simple"},"jetpack_sharing_enabled":true,"_links":{"self":[{"href":"https:\/\/senzorika-varga.si\/en\/wp-json\/wp\/v2\/product\/4803","targetHints":{"allow":["GET"]}}],"collection":[{"href":"https:\/\/senzorika-varga.si\/en\/wp-json\/wp\/v2\/product"}],"about":[{"href":"https:\/\/senzorika-varga.si\/en\/wp-json\/wp\/v2\/types\/product"}],"replies":[{"embeddable":true,"href":"https:\/\/senzorika-varga.si\/en\/wp-json\/wp\/v2\/comments?post=4803"}],"version-history":[{"count":1,"href":"https:\/\/senzorika-varga.si\/en\/wp-json\/wp\/v2\/product\/4803\/revisions"}],"predecessor-version":[{"id":4804,"href":"https:\/\/senzorika-varga.si\/en\/wp-json\/wp\/v2\/product\/4803\/revisions\/4804"}],"wp:featuredmedia":[{"embeddable":true,"href":"https:\/\/senzorika-varga.si\/en\/wp-json\/wp\/v2\/media\/8651"}],"wp:attachment":[{"href":"https:\/\/senzorika-varga.si\/en\/wp-json\/wp\/v2\/media?parent=4803"}],"wp:term":[{"taxonomy":"product_brand","embeddable":true,"href":"https:\/\/senzorika-varga.si\/en\/wp-json\/wp\/v2\/product_brand?post=4803"},{"taxonomy":"product_cat","embeddable":true,"href":"https:\/\/senzorika-varga.si\/en\/wp-json\/wp\/v2\/product_cat?post=4803"},{"taxonomy":"product_tag","embeddable":true,"href":"https:\/\/senzorika-varga.si\/en\/wp-json\/wp\/v2\/product_tag?post=4803"}],"curies":[{"name":"wp","href":"https:\/\/api.w.org\/{rel}","templated":true}]}}