{"id":4801,"date":"2025-11-03T21:59:07","date_gmt":"2025-11-03T21:59:07","guid":{"rendered":"https:\/\/senzorika.ajvonidol.si\/?post_type=product&#038;p=4801"},"modified":"2025-12-31T08:35:49","modified_gmt":"2025-12-31T08:35:49","slug":"wobble-garden","status":"publish","type":"product","link":"https:\/\/senzorika-varga.si\/en\/product\/wobble-garden\/","title":{"rendered":"Tabla dejavnosti Wobble vrt"},"content":{"rendered":"<div><!--block-->Interaktivna in otipljiva <strong>tabla za ve\u010d\u010dutne sobe<\/strong>, ki zdru\u017euje dotik, svetlobo in barve. Senzorji so skriti v peresih \u2013 z ne\u017enim dotikom ustvarite osupljive vrtin\u010daste svetlobne vzorce.<\/div>\n<div><!--block-->Vrhunska kombinacija preprostosti in vzdr\u017eljivosti: <strong>odpornost na mo\u010dne prijeme<\/strong> zagotavlja dolgotrajno uporabo, medtem ko kompleksnost programiranja omogo\u010da bogato taktilno do\u017eivetje in \u010dudovito interakcijo med dotikom in svetlobo.<\/div>\n<div><!--block--><strong>Funkcije:<\/strong> 3 razli\u010dni na\u010dini delovanja<\/p>\n<\/div>\n<div><!--block--><\/div>","protected":false},"excerpt":{"rendered":"<p>Tabla dejavnosti Wobble vrt<\/p>","protected":false},"featured_media":9478,"menu_order":0,"comment_status":"open","ping_status":"closed","template":"","meta":[],"product_brand":[],"product_cat":[132,125],"product_tag":[],"class_list":{"0":"post-4801","1":"product","2":"type-product","3":"status-publish","4":"has-post-thumbnail","6":"product_cat-mse-kontrolniki","7":"product_cat-snoezelen","9":"first","10":"instock","11":"taxable","12":"shipping-taxable","13":"purchasable","14":"product-type-simple"},"jetpack_sharing_enabled":true,"_links":{"self":[{"href":"https:\/\/senzorika-varga.si\/en\/wp-json\/wp\/v2\/product\/4801","targetHints":{"allow":["GET"]}}],"collection":[{"href":"https:\/\/senzorika-varga.si\/en\/wp-json\/wp\/v2\/product"}],"about":[{"href":"https:\/\/senzorika-varga.si\/en\/wp-json\/wp\/v2\/types\/product"}],"replies":[{"embeddable":true,"href":"https:\/\/senzorika-varga.si\/en\/wp-json\/wp\/v2\/comments?post=4801"}],"version-history":[{"count":1,"href":"https:\/\/senzorika-varga.si\/en\/wp-json\/wp\/v2\/product\/4801\/revisions"}],"predecessor-version":[{"id":4802,"href":"https:\/\/senzorika-varga.si\/en\/wp-json\/wp\/v2\/product\/4801\/revisions\/4802"}],"wp:featuredmedia":[{"embeddable":true,"href":"https:\/\/senzorika-varga.si\/en\/wp-json\/wp\/v2\/media\/9478"}],"wp:attachment":[{"href":"https:\/\/senzorika-varga.si\/en\/wp-json\/wp\/v2\/media?parent=4801"}],"wp:term":[{"taxonomy":"product_brand","embeddable":true,"href":"https:\/\/senzorika-varga.si\/en\/wp-json\/wp\/v2\/product_brand?post=4801"},{"taxonomy":"product_cat","embeddable":true,"href":"https:\/\/senzorika-varga.si\/en\/wp-json\/wp\/v2\/product_cat?post=4801"},{"taxonomy":"product_tag","embeddable":true,"href":"https:\/\/senzorika-varga.si\/en\/wp-json\/wp\/v2\/product_tag?post=4801"}],"curies":[{"name":"wp","href":"https:\/\/api.w.org\/{rel}","templated":true}]}}