{"id":4799,"date":"2025-11-03T21:59:07","date_gmt":"2025-11-03T21:59:07","guid":{"rendered":"https:\/\/senzorika.ajvonidol.si\/?post_type=product&#038;p=4799"},"modified":"2026-01-11T22:02:10","modified_gmt":"2026-01-11T22:02:10","slug":"scent-diffuser","status":"publish","type":"product","link":"https:\/\/senzorika-varga.si\/en\/product\/scent-diffuser\/","title":{"rendered":"Difuzor"},"content":{"rendered":"<p><span dir=\"auto\">Zmogljiv difuzor, ki zahteva malo vzdr\u017eevanja.\u00a0<\/span><br \/>\n<span dir=\"auto\">To je model, ki deluje po principu \u00bbnastavi in \u200b\u200bpozabi\u00ab.<\/span><br \/>\n<span dir=\"auto\">Zahteva (enkratno) konfiguracijo s preprosto aplikacijo, tako da bo deloval le v izbranih urah. Ena stekleni\u010dka (25 ml) di\u0161ave zdr\u017ei do en mesec ali dlje. <\/span><\/p>\n<p><span dir=\"auto\">Priporo\u010damo nakup <\/span><span dir=\"auto\">razli\u010dnih vonjev, da na primer razjasnite letne \u010dase.<\/span><\/p>","protected":false},"excerpt":{"rendered":"<p>Difuzor di\u0161av<\/p>","protected":false},"featured_media":9186,"menu_order":0,"comment_status":"open","ping_status":"closed","template":"","meta":[],"product_brand":[],"product_cat":[90,125],"product_tag":[],"class_list":{"0":"post-4799","1":"product","2":"type-product","3":"status-publish","4":"has-post-thumbnail","6":"product_cat-aromaterapija","7":"product_cat-snoezelen","9":"first","10":"instock","11":"taxable","12":"shipping-taxable","13":"purchasable","14":"product-type-simple"},"jetpack_sharing_enabled":true,"_links":{"self":[{"href":"https:\/\/senzorika-varga.si\/en\/wp-json\/wp\/v2\/product\/4799","targetHints":{"allow":["GET"]}}],"collection":[{"href":"https:\/\/senzorika-varga.si\/en\/wp-json\/wp\/v2\/product"}],"about":[{"href":"https:\/\/senzorika-varga.si\/en\/wp-json\/wp\/v2\/types\/product"}],"replies":[{"embeddable":true,"href":"https:\/\/senzorika-varga.si\/en\/wp-json\/wp\/v2\/comments?post=4799"}],"version-history":[{"count":4,"href":"https:\/\/senzorika-varga.si\/en\/wp-json\/wp\/v2\/product\/4799\/revisions"}],"predecessor-version":[{"id":13472,"href":"https:\/\/senzorika-varga.si\/en\/wp-json\/wp\/v2\/product\/4799\/revisions\/13472"}],"wp:featuredmedia":[{"embeddable":true,"href":"https:\/\/senzorika-varga.si\/en\/wp-json\/wp\/v2\/media\/9186"}],"wp:attachment":[{"href":"https:\/\/senzorika-varga.si\/en\/wp-json\/wp\/v2\/media?parent=4799"}],"wp:term":[{"taxonomy":"product_brand","embeddable":true,"href":"https:\/\/senzorika-varga.si\/en\/wp-json\/wp\/v2\/product_brand?post=4799"},{"taxonomy":"product_cat","embeddable":true,"href":"https:\/\/senzorika-varga.si\/en\/wp-json\/wp\/v2\/product_cat?post=4799"},{"taxonomy":"product_tag","embeddable":true,"href":"https:\/\/senzorika-varga.si\/en\/wp-json\/wp\/v2\/product_tag?post=4799"}],"curies":[{"name":"wp","href":"https:\/\/api.w.org\/{rel}","templated":true}]}}