{"id":4797,"date":"2025-11-03T21:59:07","date_gmt":"2025-11-03T21:59:07","guid":{"rendered":"https:\/\/senzorika.ajvonidol.si\/?post_type=product&#038;p=4797"},"modified":"2025-12-31T08:33:43","modified_gmt":"2025-12-31T08:33:43","slug":"sensory-floor-hexagon-liquid-tiles-set-of-9","status":"publish","type":"product","link":"https:\/\/senzorika-varga.si\/en\/product\/sensory-floor-hexagon-liquid-tiles-set-of-9\/","title":{"rendered":"\u0160esterokotne teko\u010de plo\u0161\u010dice &#8211; komplet 9"},"content":{"rendered":"<div><!--block-->Opis:<br \/>Na\u0161e \u0160esterokotne teko\u010de plo\u0161\u010dice (komplet 9) je resni\u010dno \u010dudovito in \u010dutno do\u017eivetje za otroke, ki imajo radi podloge za talne aktivnosti.<\/p>\n<p>Lastnosti:<br \/>Velikost izdelka: 30 x 30 x 0,6 cm, te\u017ea izdelka: 0,47 kg\/plo\u0161\u010da<\/div>","protected":false},"excerpt":{"rendered":"<p>\u0160esterokotne teko\u010de plo\u0161\u010dice &#8211; komplet 9<\/p>","protected":false},"featured_media":7032,"menu_order":0,"comment_status":"open","ping_status":"closed","template":"","meta":[],"product_brand":[],"product_cat":[82,101,104,125,80,105],"product_tag":[],"class_list":{"0":"post-4797","1":"product","2":"type-product","3":"status-publish","4":"has-post-thumbnail","6":"product_cat-mehke-igrace","7":"product_cat-motorika","8":"product_cat-seganje","9":"product_cat-snoezelen","10":"product_cat-taktilni-pripomocki","11":"product_cat-terapija","13":"first","14":"instock","15":"taxable","16":"shipping-taxable","17":"purchasable","18":"product-type-simple"},"jetpack_sharing_enabled":true,"_links":{"self":[{"href":"https:\/\/senzorika-varga.si\/en\/wp-json\/wp\/v2\/product\/4797","targetHints":{"allow":["GET"]}}],"collection":[{"href":"https:\/\/senzorika-varga.si\/en\/wp-json\/wp\/v2\/product"}],"about":[{"href":"https:\/\/senzorika-varga.si\/en\/wp-json\/wp\/v2\/types\/product"}],"replies":[{"embeddable":true,"href":"https:\/\/senzorika-varga.si\/en\/wp-json\/wp\/v2\/comments?post=4797"}],"version-history":[{"count":1,"href":"https:\/\/senzorika-varga.si\/en\/wp-json\/wp\/v2\/product\/4797\/revisions"}],"predecessor-version":[{"id":4798,"href":"https:\/\/senzorika-varga.si\/en\/wp-json\/wp\/v2\/product\/4797\/revisions\/4798"}],"wp:featuredmedia":[{"embeddable":true,"href":"https:\/\/senzorika-varga.si\/en\/wp-json\/wp\/v2\/media\/7032"}],"wp:attachment":[{"href":"https:\/\/senzorika-varga.si\/en\/wp-json\/wp\/v2\/media?parent=4797"}],"wp:term":[{"taxonomy":"product_brand","embeddable":true,"href":"https:\/\/senzorika-varga.si\/en\/wp-json\/wp\/v2\/product_brand?post=4797"},{"taxonomy":"product_cat","embeddable":true,"href":"https:\/\/senzorika-varga.si\/en\/wp-json\/wp\/v2\/product_cat?post=4797"},{"taxonomy":"product_tag","embeddable":true,"href":"https:\/\/senzorika-varga.si\/en\/wp-json\/wp\/v2\/product_tag?post=4797"}],"curies":[{"name":"wp","href":"https:\/\/api.w.org\/{rel}","templated":true}]}}