{"id":4791,"date":"2025-11-03T21:59:06","date_gmt":"2025-11-03T21:59:06","guid":{"rendered":"https:\/\/senzorika.ajvonidol.si\/?post_type=product&#038;p=4791"},"modified":"2026-01-11T22:04:16","modified_gmt":"2026-01-11T22:04:16","slug":"vibrerande-kit","status":"publish","type":"product","link":"https:\/\/senzorika-varga.si\/en\/product\/vibrerande-kit\/","title":{"rendered":"Vibracijski komplet"},"content":{"rendered":"<div><!--block-->Na\u0161 vibrirajo\u010di komplet ponuja veliko razli\u010dnih vibrirajo\u010dih predmetov, ki ljudem pomagajo stimulirati proprioceptivne \u010dute.&nbsp;<\/p>\n<p>Slika je simboli\u010dna!<\/p><\/div>","protected":false},"excerpt":{"rendered":"<p>Vibracijski komplet<\/p>","protected":false},"featured_media":9434,"menu_order":0,"comment_status":"open","ping_status":"closed","template":"","meta":[],"product_brand":[],"product_cat":[95,125,99],"product_tag":[],"class_list":{"0":"post-4791","1":"product","2":"type-product","3":"status-publish","4":"has-post-thumbnail","6":"product_cat-propriocepcija","7":"product_cat-snoezelen","8":"product_cat-vibracije","10":"first","11":"instock","12":"taxable","13":"shipping-taxable","14":"purchasable","15":"product-type-simple"},"jetpack_sharing_enabled":true,"_links":{"self":[{"href":"https:\/\/senzorika-varga.si\/en\/wp-json\/wp\/v2\/product\/4791","targetHints":{"allow":["GET"]}}],"collection":[{"href":"https:\/\/senzorika-varga.si\/en\/wp-json\/wp\/v2\/product"}],"about":[{"href":"https:\/\/senzorika-varga.si\/en\/wp-json\/wp\/v2\/types\/product"}],"replies":[{"embeddable":true,"href":"https:\/\/senzorika-varga.si\/en\/wp-json\/wp\/v2\/comments?post=4791"}],"version-history":[{"count":1,"href":"https:\/\/senzorika-varga.si\/en\/wp-json\/wp\/v2\/product\/4791\/revisions"}],"predecessor-version":[{"id":4792,"href":"https:\/\/senzorika-varga.si\/en\/wp-json\/wp\/v2\/product\/4791\/revisions\/4792"}],"wp:featuredmedia":[{"embeddable":true,"href":"https:\/\/senzorika-varga.si\/en\/wp-json\/wp\/v2\/media\/9434"}],"wp:attachment":[{"href":"https:\/\/senzorika-varga.si\/en\/wp-json\/wp\/v2\/media?parent=4791"}],"wp:term":[{"taxonomy":"product_brand","embeddable":true,"href":"https:\/\/senzorika-varga.si\/en\/wp-json\/wp\/v2\/product_brand?post=4791"},{"taxonomy":"product_cat","embeddable":true,"href":"https:\/\/senzorika-varga.si\/en\/wp-json\/wp\/v2\/product_cat?post=4791"},{"taxonomy":"product_tag","embeddable":true,"href":"https:\/\/senzorika-varga.si\/en\/wp-json\/wp\/v2\/product_tag?post=4791"}],"curies":[{"name":"wp","href":"https:\/\/api.w.org\/{rel}","templated":true}]}}