{"id":4785,"date":"2025-11-03T21:59:05","date_gmt":"2025-11-03T21:59:05","guid":{"rendered":"https:\/\/senzorika.ajvonidol.si\/?post_type=product&#038;p=4785"},"modified":"2026-01-04T19:40:47","modified_gmt":"2026-01-04T19:40:47","slug":"vecta-budii-delight","status":"publish","type":"product","link":"https:\/\/senzorika-varga.si\/en\/product\/vecta-budii-delight\/","title":{"rendered":"Vecta Budii Delight"},"content":{"rendered":"<p>Mobilna interakcija, ob\u010dutljiva na gibanje. Hitro namestite najsodobnej\u0161o tehnologijo na tla, mizo, pladnje za invalidske vozi\u010dke in \u0161e ve\u010d. Priklju\u010dite stikalo, za\u017eenite sistem in takoj ste v sistemu. Vse je nastavljeno in pripravljeno za uporabo \u2013 samo izberite med \u0161tevilnimi zabavnimi, izobra\u017eevalnimi in pomirjujo\u010dimi dejavnostmi, v katere se \u017eelite vklju\u010diti.<\/p>\n<p>&nbsp;<\/p>\n<p>Vklju\u010den Hurricane stolp &#8211; zra\u010dni stolp.<\/p>","protected":false},"excerpt":{"rendered":"<p>Vecta Budii Delight &#8211; posebna prenosna snoezelen enota<\/p>","protected":false},"featured_media":13369,"menu_order":0,"comment_status":"open","ping_status":"closed","template":"","meta":[],"product_brand":[],"product_cat":[125,131],"product_tag":[],"class_list":{"0":"post-4785","1":"product","2":"type-product","3":"status-publish","4":"has-post-thumbnail","6":"product_cat-snoezelen","7":"product_cat-vecta-mse","9":"first","10":"instock","11":"taxable","12":"shipping-taxable","13":"purchasable","14":"product-type-simple"},"jetpack_sharing_enabled":true,"_links":{"self":[{"href":"https:\/\/senzorika-varga.si\/en\/wp-json\/wp\/v2\/product\/4785","targetHints":{"allow":["GET"]}}],"collection":[{"href":"https:\/\/senzorika-varga.si\/en\/wp-json\/wp\/v2\/product"}],"about":[{"href":"https:\/\/senzorika-varga.si\/en\/wp-json\/wp\/v2\/types\/product"}],"replies":[{"embeddable":true,"href":"https:\/\/senzorika-varga.si\/en\/wp-json\/wp\/v2\/comments?post=4785"}],"version-history":[{"count":3,"href":"https:\/\/senzorika-varga.si\/en\/wp-json\/wp\/v2\/product\/4785\/revisions"}],"predecessor-version":[{"id":13371,"href":"https:\/\/senzorika-varga.si\/en\/wp-json\/wp\/v2\/product\/4785\/revisions\/13371"}],"wp:featuredmedia":[{"embeddable":true,"href":"https:\/\/senzorika-varga.si\/en\/wp-json\/wp\/v2\/media\/13369"}],"wp:attachment":[{"href":"https:\/\/senzorika-varga.si\/en\/wp-json\/wp\/v2\/media?parent=4785"}],"wp:term":[{"taxonomy":"product_brand","embeddable":true,"href":"https:\/\/senzorika-varga.si\/en\/wp-json\/wp\/v2\/product_brand?post=4785"},{"taxonomy":"product_cat","embeddable":true,"href":"https:\/\/senzorika-varga.si\/en\/wp-json\/wp\/v2\/product_cat?post=4785"},{"taxonomy":"product_tag","embeddable":true,"href":"https:\/\/senzorika-varga.si\/en\/wp-json\/wp\/v2\/product_tag?post=4785"}],"curies":[{"name":"wp","href":"https:\/\/api.w.org\/{rel}","templated":true}]}}