{"id":4781,"date":"2025-11-03T21:59:04","date_gmt":"2025-11-03T21:59:04","guid":{"rendered":"https:\/\/senzorika.ajvonidol.si\/?post_type=product&#038;p=4781"},"modified":"2026-01-18T11:39:55","modified_gmt":"2026-01-18T11:39:55","slug":"bluebird-walker-squarker","status":"publish","type":"product","link":"https:\/\/senzorika-varga.si\/en\/product\/bluebird-walker-squarker\/","title":{"rendered":"Modra ptica"},"content":{"rendered":"<p>Zasnovan je tako, da prina\u0161a veselje, zabavo in dru\u017ebo. Tehnologija CHIRPBACK posnema zvoke pravih ptic. Vgrajeni senzorji omogo\u010dajo, da zazna svetlobo, zvok, dotik in gibanje \u2013 kar ga naredi za resni\u010dno interaktivnega spremljevalca.<\/p>\n<p>Kot dodatek za hoduljo:<\/p>\n<p>Ko je name\u0161\u010den na hoduljo, zazna gibanje in veselo prepeva, pri tem pa \u00bbodklene\u00ab \u0161est pesmi. Ko zazna, da se hoja ustavi, igrivo zapoje pesem \u00bbne pozabi name\u00ab, da lastnika spomni na svojo prisotnost.<\/p>\n<p>Vklju\u010dene baterije: 3 \u00d7 1,5 V AAA baterije<\/p>\n<p><iframe title=\"YouTube video player\" src=\"https:\/\/www.youtube.com\/embed\/z4KcDilG42g?si=nHQ_SM7XkZIR9bqo\" width=\"560\" height=\"315\" frameborder=\"0\" allowfullscreen=\"allowfullscreen\"><\/iframe><\/p>","protected":false},"excerpt":{"rendered":"<p>Modra ptica<\/p>","protected":false},"featured_media":6482,"menu_order":0,"comment_status":"open","ping_status":"closed","template":"","meta":[],"product_brand":[],"product_cat":[89,88,119],"product_tag":[],"class_list":{"0":"post-4781","1":"product","2":"type-product","3":"status-publish","4":"has-post-thumbnail","6":"product_cat-glasne-igrace","7":"product_cat-pripomocki-za-sluh","8":"product_cat-socializacija","10":"first","11":"instock","12":"taxable","13":"shipping-taxable","14":"purchasable","15":"product-type-simple"},"jetpack_sharing_enabled":true,"_links":{"self":[{"href":"https:\/\/senzorika-varga.si\/en\/wp-json\/wp\/v2\/product\/4781","targetHints":{"allow":["GET"]}}],"collection":[{"href":"https:\/\/senzorika-varga.si\/en\/wp-json\/wp\/v2\/product"}],"about":[{"href":"https:\/\/senzorika-varga.si\/en\/wp-json\/wp\/v2\/types\/product"}],"replies":[{"embeddable":true,"href":"https:\/\/senzorika-varga.si\/en\/wp-json\/wp\/v2\/comments?post=4781"}],"version-history":[{"count":4,"href":"https:\/\/senzorika-varga.si\/en\/wp-json\/wp\/v2\/product\/4781\/revisions"}],"predecessor-version":[{"id":13486,"href":"https:\/\/senzorika-varga.si\/en\/wp-json\/wp\/v2\/product\/4781\/revisions\/13486"}],"wp:featuredmedia":[{"embeddable":true,"href":"https:\/\/senzorika-varga.si\/en\/wp-json\/wp\/v2\/media\/6482"}],"wp:attachment":[{"href":"https:\/\/senzorika-varga.si\/en\/wp-json\/wp\/v2\/media?parent=4781"}],"wp:term":[{"taxonomy":"product_brand","embeddable":true,"href":"https:\/\/senzorika-varga.si\/en\/wp-json\/wp\/v2\/product_brand?post=4781"},{"taxonomy":"product_cat","embeddable":true,"href":"https:\/\/senzorika-varga.si\/en\/wp-json\/wp\/v2\/product_cat?post=4781"},{"taxonomy":"product_tag","embeddable":true,"href":"https:\/\/senzorika-varga.si\/en\/wp-json\/wp\/v2\/product_tag?post=4781"}],"curies":[{"name":"wp","href":"https:\/\/api.w.org\/{rel}","templated":true}]}}