{"id":4777,"date":"2025-11-03T21:59:04","date_gmt":"2025-11-03T21:59:04","guid":{"rendered":"https:\/\/senzorika.ajvonidol.si\/?post_type=product&#038;p=4777"},"modified":"2026-01-11T21:47:13","modified_gmt":"2026-01-11T21:47:13","slug":"12m-sq-fibre-optic-carpet-interactive-sensory-toy","status":"publish","type":"product","link":"https:\/\/senzorika-varga.si\/en\/product\/12m-sq-fibre-optic-carpet-interactive-sensory-toy\/","title":{"rendered":"Preproga opti\u010dnih vlaken"},"content":{"rendered":"<div><!--block-->Na\u0161a preproga iz opti\u010dnih vlaken je fantasti\u010den dodatek k va\u0161i ve\u010dsenzori\u010dni sobi.&nbsp;<\/p>\n<p>Preproga ustvari \u010dudovit vizualni u\u010dinek in zagotavlja taktilno stimulacijo v temnem prostoru.<\/p>\n<p>Temna povr\u0161ina o\u017eivi, \u200b\u200bko prepletena opti\u010dna vlakna za\u010dnejo svetiti in se spreminjati v razli\u010dne barve.<\/p>\n<p>Ali \u017eelite sami nadzorovati barvo?<br \/>Toda na\u0161 sprejemnik 9RGRX vam omogo\u010da, da preprogo naredite interaktivno, kar pomeni, da lahko nadzorujete in spreminjate barvo.<br \/>To storite z na\u0161o aplikacijo (MES Genie, trgovina z aplikacijami), interaktivnima kockama (na voljo v dveh razli\u010dnih velikostih 9BCCCS in 9BCCC) ali na\u0161im interaktivnim gumbom za upravljanje (9CBTB).<\/p>\n<p>Sprejemnik 9RGRX &#8211; to je najpomembnej\u0161e, da lahko komuniciramo z ostalo na\u0161o interaktivno opremo.<\/p>\n<p>Preproga je ro\u010dno izdelana visoke kakovosti in ima vtkana opti\u010dna vlakna.<\/p>\n<p>Podloga iz opti\u010dnih vlaken je varna za otroke in odrasle.<\/p><\/div>","protected":false},"excerpt":{"rendered":"<p>Preproga opti\u010dnih vlaken<\/p>","protected":false},"featured_media":8616,"menu_order":0,"comment_status":"open","ping_status":"closed","template":"","meta":[],"product_brand":[],"product_cat":[127,125],"product_tag":[],"class_list":{"0":"post-4777","1":"product","2":"type-product","3":"status-publish","4":"has-post-thumbnail","6":"product_cat-opticna-vlakna","7":"product_cat-snoezelen","9":"first","10":"instock","11":"taxable","12":"shipping-taxable","13":"purchasable","14":"product-type-simple"},"jetpack_sharing_enabled":true,"_links":{"self":[{"href":"https:\/\/senzorika-varga.si\/en\/wp-json\/wp\/v2\/product\/4777","targetHints":{"allow":["GET"]}}],"collection":[{"href":"https:\/\/senzorika-varga.si\/en\/wp-json\/wp\/v2\/product"}],"about":[{"href":"https:\/\/senzorika-varga.si\/en\/wp-json\/wp\/v2\/types\/product"}],"replies":[{"embeddable":true,"href":"https:\/\/senzorika-varga.si\/en\/wp-json\/wp\/v2\/comments?post=4777"}],"version-history":[{"count":1,"href":"https:\/\/senzorika-varga.si\/en\/wp-json\/wp\/v2\/product\/4777\/revisions"}],"predecessor-version":[{"id":4778,"href":"https:\/\/senzorika-varga.si\/en\/wp-json\/wp\/v2\/product\/4777\/revisions\/4778"}],"wp:featuredmedia":[{"embeddable":true,"href":"https:\/\/senzorika-varga.si\/en\/wp-json\/wp\/v2\/media\/8616"}],"wp:attachment":[{"href":"https:\/\/senzorika-varga.si\/en\/wp-json\/wp\/v2\/media?parent=4777"}],"wp:term":[{"taxonomy":"product_brand","embeddable":true,"href":"https:\/\/senzorika-varga.si\/en\/wp-json\/wp\/v2\/product_brand?post=4777"},{"taxonomy":"product_cat","embeddable":true,"href":"https:\/\/senzorika-varga.si\/en\/wp-json\/wp\/v2\/product_cat?post=4777"},{"taxonomy":"product_tag","embeddable":true,"href":"https:\/\/senzorika-varga.si\/en\/wp-json\/wp\/v2\/product_tag?post=4777"}],"curies":[{"name":"wp","href":"https:\/\/api.w.org\/{rel}","templated":true}]}}