{"id":4761,"date":"2025-11-03T21:59:02","date_gmt":"2025-11-03T21:59:02","guid":{"rendered":"https:\/\/senzorika.ajvonidol.si\/?post_type=product&#038;p=4761"},"modified":"2026-01-18T11:15:26","modified_gmt":"2026-01-18T11:15:26","slug":"square-led-ball-pool","status":"publish","type":"product","link":"https:\/\/senzorika-varga.si\/en\/product\/square-led-ball-pool\/","title":{"rendered":"Bazen z zra\u010dnimi kroglicami &#8211; kvadrat"},"content":{"rendered":"<div><!--block-->Napihljiv bazen z \u017eogicami, ki je trden in stabilen ter enostaven za namestitev, primeren za odrasle in otroke. Na dnu je mehka in udobna vzmetnica. Prilo\u017eena je tla\u010dilka. Potrebujete 1500 \u017eog (3 vre\u010dke) &#8211; lo\u010deno prodaja!&nbsp;<br \/>Izbirate lahko med razli\u010dnimi barvami kroglic ali prozornimi, \u010de \u017eelite dopolniti z lu\u010dkami pod kroglicami.<br \/>Na sliki vidite, da se sveti in dodatek je LED modul (koda: 1BPLED, Led svetilo za bazen). Lo\u010deno kupi!&nbsp;<\/p>\n<p>Priporo\u010damo nakup najmanj dvojnega kompleta kroglic, tako da imate en paket vedno \u010dist, medtem ko perete druge. To je le nasvet za la\u017eje rokovanje.&nbsp;<\/p>\n<p>Povezava: potrebnih 1500 kroglic (3 vre\u010dke)<\/p><\/div>","protected":false},"excerpt":{"rendered":"<p>Bazen z zra\u010dnimi kroglicami &#8211; kvadrat<\/p>","protected":false},"featured_media":7215,"menu_order":0,"comment_status":"open","ping_status":"closed","template":"","meta":[],"product_brand":[],"product_cat":[130,125],"product_tag":[],"class_list":{"0":"post-4761","1":"product","2":"type-product","3":"status-publish","4":"has-post-thumbnail","6":"product_cat-mehki-predmeti","7":"product_cat-snoezelen","9":"first","10":"instock","11":"taxable","12":"shipping-taxable","13":"purchasable","14":"product-type-simple"},"jetpack_sharing_enabled":true,"_links":{"self":[{"href":"https:\/\/senzorika-varga.si\/en\/wp-json\/wp\/v2\/product\/4761","targetHints":{"allow":["GET"]}}],"collection":[{"href":"https:\/\/senzorika-varga.si\/en\/wp-json\/wp\/v2\/product"}],"about":[{"href":"https:\/\/senzorika-varga.si\/en\/wp-json\/wp\/v2\/types\/product"}],"replies":[{"embeddable":true,"href":"https:\/\/senzorika-varga.si\/en\/wp-json\/wp\/v2\/comments?post=4761"}],"version-history":[{"count":1,"href":"https:\/\/senzorika-varga.si\/en\/wp-json\/wp\/v2\/product\/4761\/revisions"}],"predecessor-version":[{"id":4762,"href":"https:\/\/senzorika-varga.si\/en\/wp-json\/wp\/v2\/product\/4761\/revisions\/4762"}],"wp:featuredmedia":[{"embeddable":true,"href":"https:\/\/senzorika-varga.si\/en\/wp-json\/wp\/v2\/media\/7215"}],"wp:attachment":[{"href":"https:\/\/senzorika-varga.si\/en\/wp-json\/wp\/v2\/media?parent=4761"}],"wp:term":[{"taxonomy":"product_brand","embeddable":true,"href":"https:\/\/senzorika-varga.si\/en\/wp-json\/wp\/v2\/product_brand?post=4761"},{"taxonomy":"product_cat","embeddable":true,"href":"https:\/\/senzorika-varga.si\/en\/wp-json\/wp\/v2\/product_cat?post=4761"},{"taxonomy":"product_tag","embeddable":true,"href":"https:\/\/senzorika-varga.si\/en\/wp-json\/wp\/v2\/product_tag?post=4761"}],"curies":[{"name":"wp","href":"https:\/\/api.w.org\/{rel}","templated":true}]}}