{"id":4755,"date":"2025-11-03T21:59:02","date_gmt":"2025-11-03T21:59:02","guid":{"rendered":"https:\/\/senzorika.ajvonidol.si\/?post_type=product&#038;p=4755"},"modified":"2025-12-31T08:33:40","modified_gmt":"2025-12-31T08:33:40","slug":"croc-wall-panel","status":"publish","type":"product","link":"https:\/\/senzorika-varga.si\/en\/product\/croc-wall-panel\/","title":{"rendered":"Stenski krokodil"},"content":{"rendered":"<div><!--block-->5 plo\u0161\u010d nenavadne dejavnosti se pove\u017eejo v zelo veselo obliko.<\/div>","protected":false},"excerpt":{"rendered":"<p>Stenski krokodil<\/p>","protected":false},"featured_media":5751,"menu_order":0,"comment_status":"open","ping_status":"closed","template":"","meta":[],"product_brand":[],"product_cat":[89,70,101,88,104,85,80,68,74],"product_tag":[],"class_list":{"0":"post-4755","1":"product","2":"type-product","3":"status-publish","4":"has-post-thumbnail","6":"product_cat-glasne-igrace","7":"product_cat-gledanje","8":"product_cat-motorika","9":"product_cat-pripomocki-za-sluh","10":"product_cat-seganje","11":"product_cat-taktilne-stene","12":"product_cat-taktilni-pripomocki","13":"product_cat-vizualni-pripomocki","14":"product_cat-vrteci-izdelki","16":"first","17":"instock","18":"taxable","19":"shipping-taxable","20":"purchasable","21":"product-type-simple"},"jetpack_sharing_enabled":true,"_links":{"self":[{"href":"https:\/\/senzorika-varga.si\/en\/wp-json\/wp\/v2\/product\/4755","targetHints":{"allow":["GET"]}}],"collection":[{"href":"https:\/\/senzorika-varga.si\/en\/wp-json\/wp\/v2\/product"}],"about":[{"href":"https:\/\/senzorika-varga.si\/en\/wp-json\/wp\/v2\/types\/product"}],"replies":[{"embeddable":true,"href":"https:\/\/senzorika-varga.si\/en\/wp-json\/wp\/v2\/comments?post=4755"}],"version-history":[{"count":1,"href":"https:\/\/senzorika-varga.si\/en\/wp-json\/wp\/v2\/product\/4755\/revisions"}],"predecessor-version":[{"id":4756,"href":"https:\/\/senzorika-varga.si\/en\/wp-json\/wp\/v2\/product\/4755\/revisions\/4756"}],"wp:featuredmedia":[{"embeddable":true,"href":"https:\/\/senzorika-varga.si\/en\/wp-json\/wp\/v2\/media\/5751"}],"wp:attachment":[{"href":"https:\/\/senzorika-varga.si\/en\/wp-json\/wp\/v2\/media?parent=4755"}],"wp:term":[{"taxonomy":"product_brand","embeddable":true,"href":"https:\/\/senzorika-varga.si\/en\/wp-json\/wp\/v2\/product_brand?post=4755"},{"taxonomy":"product_cat","embeddable":true,"href":"https:\/\/senzorika-varga.si\/en\/wp-json\/wp\/v2\/product_cat?post=4755"},{"taxonomy":"product_tag","embeddable":true,"href":"https:\/\/senzorika-varga.si\/en\/wp-json\/wp\/v2\/product_tag?post=4755"}],"curies":[{"name":"wp","href":"https:\/\/api.w.org\/{rel}","templated":true}]}}