{"id":4753,"date":"2025-11-03T21:59:01","date_gmt":"2025-11-03T21:59:01","guid":{"rendered":"https:\/\/senzorika.ajvonidol.si\/?post_type=product&#038;p=4753"},"modified":"2026-01-11T22:23:35","modified_gmt":"2026-01-11T22:23:35","slug":"bear-wall-panel","status":"publish","type":"product","link":"https:\/\/senzorika-varga.si\/en\/product\/bear-wall-panel\/","title":{"rendered":"Stenska plo\u0161\u010da Medved"},"content":{"rendered":"<div><!--block-->Enodelna prijazna plo\u0161\u010da s 3 zabavnimi aktivnostmi.<\/div>","protected":false},"excerpt":{"rendered":"<p>Stenska plo\u0161\u010da Medved<\/p>","protected":false},"featured_media":5499,"menu_order":0,"comment_status":"open","ping_status":"closed","template":"","meta":[],"product_brand":[],"product_cat":[102,108,101,112,125,107,85,80],"product_tag":[],"class_list":{"0":"post-4753","1":"product","2":"type-product","3":"status-publish","4":"has-post-thumbnail","6":"product_cat-fina-motorika","7":"product_cat-grajenje","8":"product_cat-motorika","9":"product_cat-odzivnost-in-nagrajevanje","10":"product_cat-snoezelen","11":"product_cat-spoznavanje","12":"product_cat-taktilne-stene","13":"product_cat-taktilni-pripomocki","15":"first","16":"instock","17":"taxable","18":"shipping-taxable","19":"purchasable","20":"product-type-simple"},"jetpack_sharing_enabled":true,"_links":{"self":[{"href":"https:\/\/senzorika-varga.si\/en\/wp-json\/wp\/v2\/product\/4753","targetHints":{"allow":["GET"]}}],"collection":[{"href":"https:\/\/senzorika-varga.si\/en\/wp-json\/wp\/v2\/product"}],"about":[{"href":"https:\/\/senzorika-varga.si\/en\/wp-json\/wp\/v2\/types\/product"}],"replies":[{"embeddable":true,"href":"https:\/\/senzorika-varga.si\/en\/wp-json\/wp\/v2\/comments?post=4753"}],"version-history":[{"count":1,"href":"https:\/\/senzorika-varga.si\/en\/wp-json\/wp\/v2\/product\/4753\/revisions"}],"predecessor-version":[{"id":4754,"href":"https:\/\/senzorika-varga.si\/en\/wp-json\/wp\/v2\/product\/4753\/revisions\/4754"}],"wp:featuredmedia":[{"embeddable":true,"href":"https:\/\/senzorika-varga.si\/en\/wp-json\/wp\/v2\/media\/5499"}],"wp:attachment":[{"href":"https:\/\/senzorika-varga.si\/en\/wp-json\/wp\/v2\/media?parent=4753"}],"wp:term":[{"taxonomy":"product_brand","embeddable":true,"href":"https:\/\/senzorika-varga.si\/en\/wp-json\/wp\/v2\/product_brand?post=4753"},{"taxonomy":"product_cat","embeddable":true,"href":"https:\/\/senzorika-varga.si\/en\/wp-json\/wp\/v2\/product_cat?post=4753"},{"taxonomy":"product_tag","embeddable":true,"href":"https:\/\/senzorika-varga.si\/en\/wp-json\/wp\/v2\/product_tag?post=4753"}],"curies":[{"name":"wp","href":"https:\/\/api.w.org\/{rel}","templated":true}]}}