{"id":4751,"date":"2025-11-03T21:59:01","date_gmt":"2025-11-03T21:59:01","guid":{"rendered":"https:\/\/senzorika.ajvonidol.si\/?post_type=product&#038;p=4751"},"modified":"2025-12-31T08:35:38","modified_gmt":"2025-12-31T08:35:38","slug":"citadwell","status":"publish","type":"product","link":"https:\/\/senzorika-varga.si\/en\/product\/citadwell\/","title":{"rendered":"Citadwell  &#8211; Cita stanovanje"},"content":{"rendered":"<div><!--block-->Tukaj imate fantasti\u010dno re\u0161itev za &#8220;sobo v sobi&#8221; v \u0161oli ali vrtcu. Citadwell je polzaprt senzori\u010dni prostor, ki je hkrati intimen in enostaven za spremljanje. Sami izberete, ali \u017eelite ukrivljene stene z belo povr\u0161ino ali z ogledalom. Vzmetnica na podestu je na voljo v ve\u010d razli\u010dnih barvah, za ve\u010d informacij nas kontaktirajte. Cena vklju\u010duje pohi\u0161tvo z ogledali in vzmetnico.<\/p>\n<p>Mo\u017enosti za optimalno senzorno sobo:<br \/>V vzmetnici je luknja za 15 cm debel vodni stolp &#8211; Izberete, kateri ustreza va\u0161emu poslu: stolp Hurricane 15 cm -, vodni stolp 15 cm ali barvni stolp v sredini (ni vklju\u010den).<\/p>\n<p>V podestu je luknja s prostorom za namestitev opti\u010dnih vlaken (ni vklju\u010deno v ceno). Izbirate lahko med 100 niti 2 m dol\u017eine ali 200 niti z 2 metroma dol\u017eine z barvnimi niti ali belimi s spremembo barve.<\/p>\n<p>Senzori\u010dni prostor, senzori\u010dni koti\u010dek, senzori\u010dni koti\u010dek v u\u010dilnici &#8211; odli\u010dna re\u0161itev.<\/p>\n<p>Izdelek je na voljo kot komplet, ki ga ni te\u017eko sestaviti.<\/p>\n<p>Kontaktirajte nas za ponudbo za celovito re\u0161itev.<\/p><\/div>","protected":false},"excerpt":{"rendered":"<p>Citadwell  &#8211; Cita stanovanje<\/p>","protected":false},"featured_media":8568,"menu_order":0,"comment_status":"open","ping_status":"closed","template":"","meta":[],"product_brand":[],"product_cat":[125],"product_tag":[],"class_list":{"0":"post-4751","1":"product","2":"type-product","3":"status-publish","4":"has-post-thumbnail","6":"product_cat-snoezelen","8":"first","9":"instock","10":"taxable","11":"shipping-taxable","12":"purchasable","13":"product-type-simple"},"jetpack_sharing_enabled":true,"_links":{"self":[{"href":"https:\/\/senzorika-varga.si\/en\/wp-json\/wp\/v2\/product\/4751","targetHints":{"allow":["GET"]}}],"collection":[{"href":"https:\/\/senzorika-varga.si\/en\/wp-json\/wp\/v2\/product"}],"about":[{"href":"https:\/\/senzorika-varga.si\/en\/wp-json\/wp\/v2\/types\/product"}],"replies":[{"embeddable":true,"href":"https:\/\/senzorika-varga.si\/en\/wp-json\/wp\/v2\/comments?post=4751"}],"version-history":[{"count":1,"href":"https:\/\/senzorika-varga.si\/en\/wp-json\/wp\/v2\/product\/4751\/revisions"}],"predecessor-version":[{"id":4752,"href":"https:\/\/senzorika-varga.si\/en\/wp-json\/wp\/v2\/product\/4751\/revisions\/4752"}],"wp:featuredmedia":[{"embeddable":true,"href":"https:\/\/senzorika-varga.si\/en\/wp-json\/wp\/v2\/media\/8568"}],"wp:attachment":[{"href":"https:\/\/senzorika-varga.si\/en\/wp-json\/wp\/v2\/media?parent=4751"}],"wp:term":[{"taxonomy":"product_brand","embeddable":true,"href":"https:\/\/senzorika-varga.si\/en\/wp-json\/wp\/v2\/product_brand?post=4751"},{"taxonomy":"product_cat","embeddable":true,"href":"https:\/\/senzorika-varga.si\/en\/wp-json\/wp\/v2\/product_cat?post=4751"},{"taxonomy":"product_tag","embeddable":true,"href":"https:\/\/senzorika-varga.si\/en\/wp-json\/wp\/v2\/product_tag?post=4751"}],"curies":[{"name":"wp","href":"https:\/\/api.w.org\/{rel}","templated":true}]}}