{"id":4745,"date":"2025-11-03T21:59:00","date_gmt":"2025-11-03T21:59:00","guid":{"rendered":"https:\/\/senzorika.ajvonidol.si\/?post_type=product&#038;p=4745"},"modified":"2026-01-11T21:46:42","modified_gmt":"2026-01-11T21:46:42","slug":"colour-wash-starter-kit-a","status":"publish","type":"product","link":"https:\/\/senzorika-varga.si\/en\/product\/colour-wash-starter-kit-a\/","title":{"rendered":"Interaktivni svetlobni trak &#8211; 2 m, komplet A"},"content":{"rendered":"<div><!--block-->Artikel, ki resni\u010dno naredi razliko v sobi za umirjanje. Celoten prostor spreminja barvo in daje motive na steni, na primer fototapeto, razli\u010dne preobleke. Interaktivni svetlobni trakovi so name\u0161\u010deni vzdol\u017e stropa ali na tleh. Lahko se postavi tudi za npr. vodno posteljo. S preprostim manevrom enega od na\u0161ih interaktivnih kontrolnikov MSE spremenite barvo celotne sobe.<\/p>\n<p>To je za\u010detni komplet, v katerem dobite 2 trakova po 1 meter, ki ju lahko pove\u017eete skupaj, in za\u010detno \u0161katlo.<br \/>\u010ce \u017eelite dalj\u0161i svetlobni trak, lahko kupite dodatne svetlobne trakove. Glej 9CWKB.<\/div>","protected":false},"excerpt":{"rendered":"<p>Interaktivni svetlobni trak &#8211; 2 m, komplet A<\/p>","protected":false},"featured_media":8576,"menu_order":0,"comment_status":"open","ping_status":"closed","template":"","meta":[],"product_brand":[],"product_cat":[132,125],"product_tag":[],"class_list":{"0":"post-4745","1":"product","2":"type-product","3":"status-publish","4":"has-post-thumbnail","6":"product_cat-mse-kontrolniki","7":"product_cat-snoezelen","9":"first","10":"instock","11":"taxable","12":"shipping-taxable","13":"purchasable","14":"product-type-simple"},"jetpack_sharing_enabled":true,"_links":{"self":[{"href":"https:\/\/senzorika-varga.si\/en\/wp-json\/wp\/v2\/product\/4745","targetHints":{"allow":["GET"]}}],"collection":[{"href":"https:\/\/senzorika-varga.si\/en\/wp-json\/wp\/v2\/product"}],"about":[{"href":"https:\/\/senzorika-varga.si\/en\/wp-json\/wp\/v2\/types\/product"}],"replies":[{"embeddable":true,"href":"https:\/\/senzorika-varga.si\/en\/wp-json\/wp\/v2\/comments?post=4745"}],"version-history":[{"count":1,"href":"https:\/\/senzorika-varga.si\/en\/wp-json\/wp\/v2\/product\/4745\/revisions"}],"predecessor-version":[{"id":4746,"href":"https:\/\/senzorika-varga.si\/en\/wp-json\/wp\/v2\/product\/4745\/revisions\/4746"}],"wp:featuredmedia":[{"embeddable":true,"href":"https:\/\/senzorika-varga.si\/en\/wp-json\/wp\/v2\/media\/8576"}],"wp:attachment":[{"href":"https:\/\/senzorika-varga.si\/en\/wp-json\/wp\/v2\/media?parent=4745"}],"wp:term":[{"taxonomy":"product_brand","embeddable":true,"href":"https:\/\/senzorika-varga.si\/en\/wp-json\/wp\/v2\/product_brand?post=4745"},{"taxonomy":"product_cat","embeddable":true,"href":"https:\/\/senzorika-varga.si\/en\/wp-json\/wp\/v2\/product_cat?post=4745"},{"taxonomy":"product_tag","embeddable":true,"href":"https:\/\/senzorika-varga.si\/en\/wp-json\/wp\/v2\/product_tag?post=4745"}],"curies":[{"name":"wp","href":"https:\/\/api.w.org\/{rel}","templated":true}]}}