{"id":4731,"date":"2025-11-03T21:58:59","date_gmt":"2025-11-03T21:58:59","guid":{"rendered":"https:\/\/senzorika.ajvonidol.si\/?post_type=product&#038;p=4731"},"modified":"2025-12-31T08:34:05","modified_gmt":"2025-12-31T08:34:05","slug":"weighted-pad","status":"publish","type":"product","link":"https:\/\/senzorika-varga.si\/en\/product\/weighted-pad\/","title":{"rendered":"Obte\u017eena blazina 2kg"},"content":{"rendered":"<div><!--block-->Na\u0161a Obte\u017eena blazina je revolucionarna re\u0161itev, zasnovana tako, da posameznikom s posebnimi potrebami zagotovi terapevtsko podporo in \u010dutno udobje, ki si ga zaslu\u017eijo. Ta obte\u017eena blazina je vsestransko in neprecenljivo orodje za ustvarjanje ob\u010dutka varnosti in dobrega po\u010dutja v razli\u010dnih okoljih.<\/p>\n<p>Obte\u017eena blazina lahko otrokom s posebnimi potrebami nudi \u0161tevilne potencialne koristi, ki vklju\u010dujejo:<\/p>\n<p>1: Pomirjujo\u010d senzori\u010dni vnos: Ne\u017een, enakomerno porazdeljen pritisk obte\u017eene blazine lahko zagotovi globok pritisk na telo, ta ima pomirjujo\u010d u\u010dinek na \u017eiv\u010dni sistem. To lahko pomaga zmanj\u0161ati anksioznost in senzori\u010dno preobremenitev, zaradi \u010desar se otroci la\u017eje osredoto\u010dijo in samoregulirajo.<\/p>\n<p>2: Izbolj\u0161an spanec: veliko otrok s posebnimi potrebami se spopada s te\u017eavami s spanjem. Uporaba obte\u017eene blazine lahko spodbuja sprostitev in jim pomaga hitreje zaspati ter u\u017eivati \u200b\u200bv bolj spro\u0161\u010denem spancu.<\/p>\n<p>3: Izbolj\u0161ana pozornost in osredoto\u010denost: Obte\u017eena senzori\u010dna blazina lahko otrokom pomagajo izbolj\u0161ati pozornost in koncentracijo. Z zagotavljanjem pomirjujo\u010de senzori\u010dne izku\u0161nje lahko blazine pomagajo otrokom, da ostanejo vklju\u010deni v naloge in dejavnosti.<\/p>\n<p>Specifikacije produkta:<br \/>Velikost: 50 x 50 cm, 2 kg<\/p>\n<p>Zunanji del: blago Minky (100% poliester); Polnilo: 2 plasti poliestrske vate in nestrupene steklene kroglice.<\/p><\/div>","protected":false},"excerpt":{"rendered":"<p>Obte\u017eena blazina 2kg<\/p>","protected":false},"featured_media":6361,"menu_order":0,"comment_status":"open","ping_status":"closed","template":"","meta":[],"product_brand":[],"product_cat":[95,97,100],"product_tag":[],"class_list":{"0":"post-4731","1":"product","2":"type-product","3":"status-publish","4":"has-post-thumbnail","6":"product_cat-propriocepcija","7":"product_cat-razlicnost-stiska","8":"product_cat-udobje","10":"first","11":"instock","12":"taxable","13":"shipping-taxable","14":"purchasable","15":"product-type-simple"},"jetpack_sharing_enabled":true,"_links":{"self":[{"href":"https:\/\/senzorika-varga.si\/en\/wp-json\/wp\/v2\/product\/4731","targetHints":{"allow":["GET"]}}],"collection":[{"href":"https:\/\/senzorika-varga.si\/en\/wp-json\/wp\/v2\/product"}],"about":[{"href":"https:\/\/senzorika-varga.si\/en\/wp-json\/wp\/v2\/types\/product"}],"replies":[{"embeddable":true,"href":"https:\/\/senzorika-varga.si\/en\/wp-json\/wp\/v2\/comments?post=4731"}],"version-history":[{"count":1,"href":"https:\/\/senzorika-varga.si\/en\/wp-json\/wp\/v2\/product\/4731\/revisions"}],"predecessor-version":[{"id":4732,"href":"https:\/\/senzorika-varga.si\/en\/wp-json\/wp\/v2\/product\/4731\/revisions\/4732"}],"wp:featuredmedia":[{"embeddable":true,"href":"https:\/\/senzorika-varga.si\/en\/wp-json\/wp\/v2\/media\/6361"}],"wp:attachment":[{"href":"https:\/\/senzorika-varga.si\/en\/wp-json\/wp\/v2\/media?parent=4731"}],"wp:term":[{"taxonomy":"product_brand","embeddable":true,"href":"https:\/\/senzorika-varga.si\/en\/wp-json\/wp\/v2\/product_brand?post=4731"},{"taxonomy":"product_cat","embeddable":true,"href":"https:\/\/senzorika-varga.si\/en\/wp-json\/wp\/v2\/product_cat?post=4731"},{"taxonomy":"product_tag","embeddable":true,"href":"https:\/\/senzorika-varga.si\/en\/wp-json\/wp\/v2\/product_tag?post=4731"}],"curies":[{"name":"wp","href":"https:\/\/api.w.org\/{rel}","templated":true}]}}