{"id":4727,"date":"2025-11-03T21:58:59","date_gmt":"2025-11-03T21:58:59","guid":{"rendered":"https:\/\/senzorika.ajvonidol.si\/?post_type=product&#038;p=4727"},"modified":"2025-12-31T08:33:43","modified_gmt":"2025-12-31T08:33:43","slug":"water-wonder-park","status":"publish","type":"product","link":"https:\/\/senzorika-varga.si\/en\/product\/water-wonder-park\/","title":{"rendered":"\u010carobni vodni park"},"content":{"rendered":"<div><!--block-->\u010carobni vodni park je izjemno dostopen za vse. Zasnovana je za zdru\u017eevanje najbolj dragocene re\u010di: Otroci se igrajo z vodo. Oblikovano je tako, da omogo\u010da uporabo tudi otrokom na vozi\u010dku. Strukturirano okolje naredi park izjemno zanimivo in za aktivacijo potrebuje le 5 litrov vode.<br \/>Ima mo\u017enosti, da se spodbuja ustvarjalnost pri uporabi fernikol, vlakov in opek za graditev.<\/div>","protected":false},"excerpt":{"rendered":"<p>\u010carobni vodni park<\/p>","protected":false},"featured_media":7753,"menu_order":0,"comment_status":"open","ping_status":"closed","template":"","meta":[],"product_brand":[],"product_cat":[80],"product_tag":[],"class_list":{"0":"post-4727","1":"product","2":"type-product","3":"status-publish","4":"has-post-thumbnail","6":"product_cat-taktilni-pripomocki","8":"first","9":"instock","10":"taxable","11":"shipping-taxable","12":"purchasable","13":"product-type-simple"},"jetpack_sharing_enabled":true,"_links":{"self":[{"href":"https:\/\/senzorika-varga.si\/en\/wp-json\/wp\/v2\/product\/4727","targetHints":{"allow":["GET"]}}],"collection":[{"href":"https:\/\/senzorika-varga.si\/en\/wp-json\/wp\/v2\/product"}],"about":[{"href":"https:\/\/senzorika-varga.si\/en\/wp-json\/wp\/v2\/types\/product"}],"replies":[{"embeddable":true,"href":"https:\/\/senzorika-varga.si\/en\/wp-json\/wp\/v2\/comments?post=4727"}],"version-history":[{"count":1,"href":"https:\/\/senzorika-varga.si\/en\/wp-json\/wp\/v2\/product\/4727\/revisions"}],"predecessor-version":[{"id":4728,"href":"https:\/\/senzorika-varga.si\/en\/wp-json\/wp\/v2\/product\/4727\/revisions\/4728"}],"wp:featuredmedia":[{"embeddable":true,"href":"https:\/\/senzorika-varga.si\/en\/wp-json\/wp\/v2\/media\/7753"}],"wp:attachment":[{"href":"https:\/\/senzorika-varga.si\/en\/wp-json\/wp\/v2\/media?parent=4727"}],"wp:term":[{"taxonomy":"product_brand","embeddable":true,"href":"https:\/\/senzorika-varga.si\/en\/wp-json\/wp\/v2\/product_brand?post=4727"},{"taxonomy":"product_cat","embeddable":true,"href":"https:\/\/senzorika-varga.si\/en\/wp-json\/wp\/v2\/product_cat?post=4727"},{"taxonomy":"product_tag","embeddable":true,"href":"https:\/\/senzorika-varga.si\/en\/wp-json\/wp\/v2\/product_tag?post=4727"}],"curies":[{"name":"wp","href":"https:\/\/api.w.org\/{rel}","templated":true}]}}