{"id":4725,"date":"2025-11-03T21:58:55","date_gmt":"2025-11-03T21:58:55","guid":{"rendered":"https:\/\/senzorika.ajvonidol.si\/?post_type=product&#038;p=4725"},"modified":"2025-12-31T08:33:53","modified_gmt":"2025-12-31T08:33:53","slug":"vibrating-ball","status":"publish","type":"product","link":"https:\/\/senzorika-varga.si\/en\/product\/vibrating-ball\/","title":{"rendered":"Vibrirajo\u010da \u017eoga"},"content":{"rendered":"<div><!--block-->Presenetljivo intenzivne vibracije, teksturirana \u017eogica. Tri stopnje intenzivnosti. Izklopi se po 15 minutah.<\/div>","protected":false},"excerpt":{"rendered":"<p>Vibrirajo\u010da \u017eoga<\/p>","protected":false},"featured_media":6630,"menu_order":0,"comment_status":"open","ping_status":"closed","template":"","meta":[],"product_brand":[],"product_cat":[96,95,125,99],"product_tag":[],"class_list":{"0":"post-4725","1":"product","2":"type-product","3":"status-publish","4":"has-post-thumbnail","6":"product_cat-masaza","7":"product_cat-propriocepcija","8":"product_cat-snoezelen","9":"product_cat-vibracije","11":"first","12":"instock","13":"taxable","14":"shipping-taxable","15":"purchasable","16":"product-type-simple"},"jetpack_sharing_enabled":true,"_links":{"self":[{"href":"https:\/\/senzorika-varga.si\/en\/wp-json\/wp\/v2\/product\/4725","targetHints":{"allow":["GET"]}}],"collection":[{"href":"https:\/\/senzorika-varga.si\/en\/wp-json\/wp\/v2\/product"}],"about":[{"href":"https:\/\/senzorika-varga.si\/en\/wp-json\/wp\/v2\/types\/product"}],"replies":[{"embeddable":true,"href":"https:\/\/senzorika-varga.si\/en\/wp-json\/wp\/v2\/comments?post=4725"}],"version-history":[{"count":1,"href":"https:\/\/senzorika-varga.si\/en\/wp-json\/wp\/v2\/product\/4725\/revisions"}],"predecessor-version":[{"id":4726,"href":"https:\/\/senzorika-varga.si\/en\/wp-json\/wp\/v2\/product\/4725\/revisions\/4726"}],"wp:featuredmedia":[{"embeddable":true,"href":"https:\/\/senzorika-varga.si\/en\/wp-json\/wp\/v2\/media\/6630"}],"wp:attachment":[{"href":"https:\/\/senzorika-varga.si\/en\/wp-json\/wp\/v2\/media?parent=4725"}],"wp:term":[{"taxonomy":"product_brand","embeddable":true,"href":"https:\/\/senzorika-varga.si\/en\/wp-json\/wp\/v2\/product_brand?post=4725"},{"taxonomy":"product_cat","embeddable":true,"href":"https:\/\/senzorika-varga.si\/en\/wp-json\/wp\/v2\/product_cat?post=4725"},{"taxonomy":"product_tag","embeddable":true,"href":"https:\/\/senzorika-varga.si\/en\/wp-json\/wp\/v2\/product_tag?post=4725"}],"curies":[{"name":"wp","href":"https:\/\/api.w.org\/{rel}","templated":true}]}}