{"id":4717,"date":"2025-11-03T21:58:55","date_gmt":"2025-11-03T21:58:55","guid":{"rendered":"https:\/\/senzorika.ajvonidol.si\/?post_type=product&#038;p=4717"},"modified":"2025-12-31T08:35:38","modified_gmt":"2025-12-31T08:35:38","slug":"crna-prijetna-jama","status":"publish","type":"product","link":"https:\/\/senzorika-varga.si\/en\/product\/crna-prijetna-jama\/","title":{"rendered":"\u010crna Prijetna jama"},"content":{"rendered":"<div><!--block-->\u0160otor je popolnoma zatemnjen, kar daje polni u\u010dinek svetlobnih efektov in\u00a0 svetilk. Popoln za pred\u0161olsko vzgojo, doma ali v u\u010dilnici. Ta izdelek je enostaven za uporabo, je lahko odli\u010dna strategija, ki jo lahko ponudite kot dejavnost za odmor v ni\u017ejih razredih \u0161ole. To, da si lahko sam in se osredoto\u010di\u0161 na nekaj lepega, zbere misli in napolni z energijo.<\/p>\n<p>Ta pop-up \u0161otor s tlemi in rolo vrati je enostaven za postavitev in zlo\u017een v torbo.<\/p>\n<p>\u0160otor ima ve\u010d uporabnih funkcij:<br \/>\n&#8211; Iz dvojnega najlonskega materiala<br \/>\n&#8211; Snemljiva streha<br \/>\n&#8211; Pop-up dizajn<br \/>\n&#8211; Ozna\u010deno s CE<br \/>\n&#8211; Lahek in enostaven za transport<br \/>\n&#8211; Zlo\u017eljiv &#8211; prihrani prostora<br \/>\n&#8211; Dimenzije: 120x120x120 cm<\/p>\n<p>*Upo\u0161tevajte, da drugi predmeti na sliki niso vklju\u010deni.<\/p>\n<p>\u0160otor, imenovan \u010crna prijetna jama, je zasnovan tako, da ustvari popolnoma temno okolje, da se pove\u010da u\u010dinek UV-svetlobe. Dvojna najlonska plast blokira vso zunanjo svetlobo, kar otrokom olaj\u0161a do\u017eivljanje UV svetlobe in u\u010denje o razlikah med UV in obi\u010dajno svetlobo.<br \/>\nZdru\u017eevanje vizualne stimulacije z drugimi \u010dutnimi izku\u0161njami lahko izbolj\u0161a u\u010denje. Gledanje predmetov, osvetljenih z UV svetlobo, lahko pri otrocih vzbudi radovednost in jih spodbudi k raziskovanju s \u010dutili.<br \/>\nTemen prostor, kot je ta, je lahko dober tudi za otroke, ki potrebujejo mir in ti\u0161ino, da se sprostijo, osredoto\u010dijo ali okrevajo. \u0160otor lahko deluje kot varno mesto za otroke, zahvaljujo\u010d odstranljivi strehi pa je enostavno vstopiti in izstopiti.<\/p><\/div>","protected":false},"excerpt":{"rendered":"<p>\u010crna Prijetna jama<\/p>","protected":false},"featured_media":9383,"menu_order":0,"comment_status":"open","ping_status":"closed","template":"","meta":[],"product_brand":[],"product_cat":[125,72,68],"product_tag":[],"class_list":{"0":"post-4717","1":"product","2":"type-product","3":"status-publish","4":"has-post-thumbnail","6":"product_cat-snoezelen","7":"product_cat-uv","8":"product_cat-vizualni-pripomocki","10":"first","11":"instock","12":"taxable","13":"shipping-taxable","14":"purchasable","15":"product-type-simple"},"jetpack_sharing_enabled":true,"_links":{"self":[{"href":"https:\/\/senzorika-varga.si\/en\/wp-json\/wp\/v2\/product\/4717","targetHints":{"allow":["GET"]}}],"collection":[{"href":"https:\/\/senzorika-varga.si\/en\/wp-json\/wp\/v2\/product"}],"about":[{"href":"https:\/\/senzorika-varga.si\/en\/wp-json\/wp\/v2\/types\/product"}],"replies":[{"embeddable":true,"href":"https:\/\/senzorika-varga.si\/en\/wp-json\/wp\/v2\/comments?post=4717"}],"version-history":[{"count":3,"href":"https:\/\/senzorika-varga.si\/en\/wp-json\/wp\/v2\/product\/4717\/revisions"}],"predecessor-version":[{"id":9721,"href":"https:\/\/senzorika-varga.si\/en\/wp-json\/wp\/v2\/product\/4717\/revisions\/9721"}],"wp:featuredmedia":[{"embeddable":true,"href":"https:\/\/senzorika-varga.si\/en\/wp-json\/wp\/v2\/media\/9383"}],"wp:attachment":[{"href":"https:\/\/senzorika-varga.si\/en\/wp-json\/wp\/v2\/media?parent=4717"}],"wp:term":[{"taxonomy":"product_brand","embeddable":true,"href":"https:\/\/senzorika-varga.si\/en\/wp-json\/wp\/v2\/product_brand?post=4717"},{"taxonomy":"product_cat","embeddable":true,"href":"https:\/\/senzorika-varga.si\/en\/wp-json\/wp\/v2\/product_cat?post=4717"},{"taxonomy":"product_tag","embeddable":true,"href":"https:\/\/senzorika-varga.si\/en\/wp-json\/wp\/v2\/product_tag?post=4717"}],"curies":[{"name":"wp","href":"https:\/\/api.w.org\/{rel}","templated":true}]}}