{"id":4713,"date":"2025-11-03T21:58:55","date_gmt":"2025-11-03T21:58:55","guid":{"rendered":"https:\/\/senzorika.ajvonidol.si\/?post_type=product&#038;p=4713"},"modified":"2025-12-31T08:34:05","modified_gmt":"2025-12-31T08:34:05","slug":"20lb-weighted-blanket-and-minky-dot-cover","status":"publish","type":"product","link":"https:\/\/senzorika-varga.si\/en\/product\/20lb-weighted-blanket-and-minky-dot-cover\/","title":{"rendered":"Ote\u017eena odeja s prevleko 9kg"},"content":{"rendered":"<div><!--block-->Ote\u017eena odeja je oblika terapije z globokim pritiskom in je lahko zelo koristna za otroke s senzori\u010dnimi te\u017eavami! Ali ste vedeli, da je dobra tudi za:<br \/>1. Obvladovanje motnje senzori\u010dne obdelave, za osebe z avtizmom in ADHD<br \/>2. Zmanj\u0161anje stresa in tesnobe<br \/>3. Izbolj\u0161anje koncentracije<br \/>4. Pove\u010duje serotonin (hormon sre\u010de)<br \/>5. Pomaga pri laj\u0161anju nespe\u010dnosti in izbolj\u0161anju kakovosti spanca<\/p>\n<p>Izbirajte med 4 te\u017eami \u2013 odeja mora tehtati pribli\u017eno 10 % te\u017ee uporabnika. Na\u0161e obte\u017eene odeje so polnjene s silikonskimi kroglicami. Perle so zelo goste, zato so na\u0161e odeje v primerjavi z drugimi znamkami tanke za svojo te\u017eo. Silikonske kroglice so prav tako zelo majhne, \u200b\u200bzato se ne \u010dutijo ali sli\u0161ijo zrnato (zmanj\u0161ujejo taktilno in slu\u0161no stimulacijo), kar vodi do bolj\u0161ega spanca.<\/p>\n<p>Ta priljubljen komplet vklju\u010duje na\u0161o super mehko, odstranljivo prevleko Minky Dot iz 100 % poliestra. Odeja deluje kot odli\u010dno pomirjujo\u010de orodje in zagotavlja dodaten otipljiv ob\u010dutek &#8211; ena stran pik\u010dasta in druga pa je gladka.<\/p>\n<p><\/div>","protected":false},"excerpt":{"rendered":"<p>Ote\u017eena odeja s prevleko 9kg<\/p>","protected":false},"featured_media":6396,"menu_order":0,"comment_status":"open","ping_status":"closed","template":"","meta":[],"product_brand":[],"product_cat":[98,95,97,125,100],"product_tag":[],"class_list":{"0":"post-4713","1":"product","2":"type-product","3":"status-publish","4":"has-post-thumbnail","6":"product_cat-obcutek-telesa","7":"product_cat-propriocepcija","8":"product_cat-razlicnost-stiska","9":"product_cat-snoezelen","10":"product_cat-udobje","12":"first","13":"instock","14":"taxable","15":"shipping-taxable","16":"purchasable","17":"product-type-simple"},"jetpack_sharing_enabled":true,"_links":{"self":[{"href":"https:\/\/senzorika-varga.si\/en\/wp-json\/wp\/v2\/product\/4713","targetHints":{"allow":["GET"]}}],"collection":[{"href":"https:\/\/senzorika-varga.si\/en\/wp-json\/wp\/v2\/product"}],"about":[{"href":"https:\/\/senzorika-varga.si\/en\/wp-json\/wp\/v2\/types\/product"}],"replies":[{"embeddable":true,"href":"https:\/\/senzorika-varga.si\/en\/wp-json\/wp\/v2\/comments?post=4713"}],"version-history":[{"count":1,"href":"https:\/\/senzorika-varga.si\/en\/wp-json\/wp\/v2\/product\/4713\/revisions"}],"predecessor-version":[{"id":4714,"href":"https:\/\/senzorika-varga.si\/en\/wp-json\/wp\/v2\/product\/4713\/revisions\/4714"}],"wp:featuredmedia":[{"embeddable":true,"href":"https:\/\/senzorika-varga.si\/en\/wp-json\/wp\/v2\/media\/6396"}],"wp:attachment":[{"href":"https:\/\/senzorika-varga.si\/en\/wp-json\/wp\/v2\/media?parent=4713"}],"wp:term":[{"taxonomy":"product_brand","embeddable":true,"href":"https:\/\/senzorika-varga.si\/en\/wp-json\/wp\/v2\/product_brand?post=4713"},{"taxonomy":"product_cat","embeddable":true,"href":"https:\/\/senzorika-varga.si\/en\/wp-json\/wp\/v2\/product_cat?post=4713"},{"taxonomy":"product_tag","embeddable":true,"href":"https:\/\/senzorika-varga.si\/en\/wp-json\/wp\/v2\/product_tag?post=4713"}],"curies":[{"name":"wp","href":"https:\/\/api.w.org\/{rel}","templated":true}]}}