{"id":4703,"date":"2025-11-03T21:58:52","date_gmt":"2025-11-03T21:58:52","guid":{"rendered":"https:\/\/senzorika.ajvonidol.si\/?post_type=product&#038;p=4703"},"modified":"2025-12-31T08:35:48","modified_gmt":"2025-12-31T08:35:48","slug":"reflekterande-akrylspegel","status":"publish","type":"product","link":"https:\/\/senzorika-varga.si\/en\/product\/reflekterande-akrylspegel\/","title":{"rendered":"Belo ogledalo"},"content":{"rendered":"<div><!--block-->Beli model ogledala daje luksuzen ob\u010dutek v prostoru, barve iz mehur\u010dkov in projektorjev pa so v svojem odsevu fantasti\u010dno lepe.&nbsp;<\/div>","protected":false},"excerpt":{"rendered":"<p>Belo ogledalo<\/p>","protected":false},"featured_media":6943,"menu_order":0,"comment_status":"open","ping_status":"closed","template":"","meta":[],"product_brand":[],"product_cat":[106,130,101,132,112,127,129,125,107,126,128,74],"product_tag":[],"class_list":{"0":"post-4703","1":"product","2":"type-product","3":"status-publish","4":"has-post-thumbnail","6":"product_cat-gibanje","7":"product_cat-mehki-predmeti","8":"product_cat-motorika","9":"product_cat-mse-kontrolniki","10":"product_cat-odzivnost-in-nagrajevanje","11":"product_cat-opticna-vlakna","12":"product_cat-projektorji","13":"product_cat-snoezelen","14":"product_cat-spoznavanje","15":"product_cat-vodne-postelje","16":"product_cat-vodni-stolpi","17":"product_cat-vrteci-izdelki","19":"first","20":"instock","21":"taxable","22":"shipping-taxable","23":"purchasable","24":"product-type-simple"},"jetpack_sharing_enabled":true,"_links":{"self":[{"href":"https:\/\/senzorika-varga.si\/en\/wp-json\/wp\/v2\/product\/4703","targetHints":{"allow":["GET"]}}],"collection":[{"href":"https:\/\/senzorika-varga.si\/en\/wp-json\/wp\/v2\/product"}],"about":[{"href":"https:\/\/senzorika-varga.si\/en\/wp-json\/wp\/v2\/types\/product"}],"replies":[{"embeddable":true,"href":"https:\/\/senzorika-varga.si\/en\/wp-json\/wp\/v2\/comments?post=4703"}],"version-history":[{"count":1,"href":"https:\/\/senzorika-varga.si\/en\/wp-json\/wp\/v2\/product\/4703\/revisions"}],"predecessor-version":[{"id":4704,"href":"https:\/\/senzorika-varga.si\/en\/wp-json\/wp\/v2\/product\/4703\/revisions\/4704"}],"wp:featuredmedia":[{"embeddable":true,"href":"https:\/\/senzorika-varga.si\/en\/wp-json\/wp\/v2\/media\/6943"}],"wp:attachment":[{"href":"https:\/\/senzorika-varga.si\/en\/wp-json\/wp\/v2\/media?parent=4703"}],"wp:term":[{"taxonomy":"product_brand","embeddable":true,"href":"https:\/\/senzorika-varga.si\/en\/wp-json\/wp\/v2\/product_brand?post=4703"},{"taxonomy":"product_cat","embeddable":true,"href":"https:\/\/senzorika-varga.si\/en\/wp-json\/wp\/v2\/product_cat?post=4703"},{"taxonomy":"product_tag","embeddable":true,"href":"https:\/\/senzorika-varga.si\/en\/wp-json\/wp\/v2\/product_tag?post=4703"}],"curies":[{"name":"wp","href":"https:\/\/api.w.org\/{rel}","templated":true}]}}