{"id":4701,"date":"2025-11-03T21:58:52","date_gmt":"2025-11-03T21:58:52","guid":{"rendered":"https:\/\/senzorika.ajvonidol.si\/?post_type=product&#038;p=4701"},"modified":"2025-12-31T08:35:41","modified_gmt":"2025-12-31T08:35:41","slug":"podie-kvadrant-vit-for-ror-o15","status":"publish","type":"product","link":"https:\/\/senzorika-varga.si\/en\/product\/podie-kvadrant-vit-for-ror-o15\/","title":{"rendered":"Polkrog &#8211; standard &#8211; 15cm podstavek"},"content":{"rendered":"<div><!--block-->Podstavek z zrcalnimi stranicami in oblazinjenim zgornjim delom. Uporabnikom zagotovite udobno namestitev za sedenje, da v celoti izkusijo u\u010dinke. Na voljo v 2 oblikah, ki omogo\u010data ustvarjanje najrazli\u010dnej\u0161ih zanimivih kombinacij. Na voljo v \u0161iroki paleti barv.&nbsp;<\/div>","protected":false},"excerpt":{"rendered":"<p>Polkrog &#8211; standard &#8211; 15cm podstavek<\/p>","protected":false},"featured_media":9011,"menu_order":0,"comment_status":"open","ping_status":"closed","template":"","meta":[],"product_brand":[],"product_cat":[127,125,128],"product_tag":[],"class_list":{"0":"post-4701","1":"product","2":"type-product","3":"status-publish","4":"has-post-thumbnail","6":"product_cat-opticna-vlakna","7":"product_cat-snoezelen","8":"product_cat-vodni-stolpi","10":"first","11":"instock","12":"taxable","13":"shipping-taxable","14":"purchasable","15":"product-type-simple"},"jetpack_sharing_enabled":true,"_links":{"self":[{"href":"https:\/\/senzorika-varga.si\/en\/wp-json\/wp\/v2\/product\/4701","targetHints":{"allow":["GET"]}}],"collection":[{"href":"https:\/\/senzorika-varga.si\/en\/wp-json\/wp\/v2\/product"}],"about":[{"href":"https:\/\/senzorika-varga.si\/en\/wp-json\/wp\/v2\/types\/product"}],"replies":[{"embeddable":true,"href":"https:\/\/senzorika-varga.si\/en\/wp-json\/wp\/v2\/comments?post=4701"}],"version-history":[{"count":1,"href":"https:\/\/senzorika-varga.si\/en\/wp-json\/wp\/v2\/product\/4701\/revisions"}],"predecessor-version":[{"id":4702,"href":"https:\/\/senzorika-varga.si\/en\/wp-json\/wp\/v2\/product\/4701\/revisions\/4702"}],"wp:featuredmedia":[{"embeddable":true,"href":"https:\/\/senzorika-varga.si\/en\/wp-json\/wp\/v2\/media\/9011"}],"wp:attachment":[{"href":"https:\/\/senzorika-varga.si\/en\/wp-json\/wp\/v2\/media?parent=4701"}],"wp:term":[{"taxonomy":"product_brand","embeddable":true,"href":"https:\/\/senzorika-varga.si\/en\/wp-json\/wp\/v2\/product_brand?post=4701"},{"taxonomy":"product_cat","embeddable":true,"href":"https:\/\/senzorika-varga.si\/en\/wp-json\/wp\/v2\/product_cat?post=4701"},{"taxonomy":"product_tag","embeddable":true,"href":"https:\/\/senzorika-varga.si\/en\/wp-json\/wp\/v2\/product_tag?post=4701"}],"curies":[{"name":"wp","href":"https:\/\/api.w.org\/{rel}","templated":true}]}}