{"id":4673,"date":"2025-11-03T21:58:49","date_gmt":"2025-11-03T21:58:49","guid":{"rendered":"https:\/\/senzorika.ajvonidol.si\/?post_type=product&#038;p=4673"},"modified":"2025-12-31T08:36:44","modified_gmt":"2025-12-31T08:36:44","slug":"ojacevalec","status":"publish","type":"product","link":"https:\/\/senzorika-varga.si\/en\/product\/ojacevalec\/","title":{"rendered":"Oja\u010devalec"},"content":{"rendered":"<div><!--block-->Za delovanje resonan\u010dnih predmetov potrebujete ta oja\u010devalec. Priklju\u010dite \u0161e lahko 2 zvo\u010dnika (stereo). Neodvisna kontrola pomeni, Vibracije ja\u010date, med tem ko jakost zvoka zni\u017eujete.<\/div>\n<div><\/div>\n<div>Glasbo lahko predvajate preko Bluetooth-a iz telefona, preko USB povezave ali s CD predvajalnika ali ra\u010dunalnika.<\/div>","protected":false},"excerpt":{"rendered":"<p>Oja\u010devalec<\/p>","protected":false},"featured_media":9179,"menu_order":0,"comment_status":"open","ping_status":"closed","template":"","meta":[],"product_brand":[],"product_cat":[130,88,92,125,131],"product_tag":[],"class_list":{"0":"post-4673","1":"product","2":"type-product","3":"status-publish","4":"has-post-thumbnail","6":"product_cat-mehki-predmeti","7":"product_cat-pripomocki-za-sluh","8":"product_cat-resonance","9":"product_cat-snoezelen","10":"product_cat-vecta-mse","12":"first","13":"instock","14":"taxable","15":"shipping-taxable","16":"purchasable","17":"product-type-simple"},"jetpack_sharing_enabled":true,"_links":{"self":[{"href":"https:\/\/senzorika-varga.si\/en\/wp-json\/wp\/v2\/product\/4673","targetHints":{"allow":["GET"]}}],"collection":[{"href":"https:\/\/senzorika-varga.si\/en\/wp-json\/wp\/v2\/product"}],"about":[{"href":"https:\/\/senzorika-varga.si\/en\/wp-json\/wp\/v2\/types\/product"}],"replies":[{"embeddable":true,"href":"https:\/\/senzorika-varga.si\/en\/wp-json\/wp\/v2\/comments?post=4673"}],"version-history":[{"count":3,"href":"https:\/\/senzorika-varga.si\/en\/wp-json\/wp\/v2\/product\/4673\/revisions"}],"predecessor-version":[{"id":9782,"href":"https:\/\/senzorika-varga.si\/en\/wp-json\/wp\/v2\/product\/4673\/revisions\/9782"}],"wp:featuredmedia":[{"embeddable":true,"href":"https:\/\/senzorika-varga.si\/en\/wp-json\/wp\/v2\/media\/9179"}],"wp:attachment":[{"href":"https:\/\/senzorika-varga.si\/en\/wp-json\/wp\/v2\/media?parent=4673"}],"wp:term":[{"taxonomy":"product_brand","embeddable":true,"href":"https:\/\/senzorika-varga.si\/en\/wp-json\/wp\/v2\/product_brand?post=4673"},{"taxonomy":"product_cat","embeddable":true,"href":"https:\/\/senzorika-varga.si\/en\/wp-json\/wp\/v2\/product_cat?post=4673"},{"taxonomy":"product_tag","embeddable":true,"href":"https:\/\/senzorika-varga.si\/en\/wp-json\/wp\/v2\/product_tag?post=4673"}],"curies":[{"name":"wp","href":"https:\/\/api.w.org\/{rel}","templated":true}]}}