{"id":4671,"date":"2025-11-03T21:58:49","date_gmt":"2025-11-03T21:58:49","guid":{"rendered":"https:\/\/senzorika.ajvonidol.si\/?post_type=product&#038;p=4671"},"modified":"2025-12-31T08:35:48","modified_gmt":"2025-12-31T08:35:48","slug":"plosca-slikovnih-pik","status":"publish","type":"product","link":"https:\/\/senzorika-varga.si\/en\/product\/plosca-slikovnih-pik\/","title":{"rendered":"Plo\u0161\u010da slikovnih pik"},"content":{"rendered":"<div><!--block-->Interaktivna svetlobna predstava s 3 spodbudnimi na\u010dini. Pixels predvaja va\u0161o nedavno aktivnost, ko prenehate z interakcijo z njo, ustvarjanjem umetnin in pu\u0161\u010danjem sledi. Popolnoma tiho delovanje. 12V napajalnik je prilo\u017een. Upravljajte ta \u010darobni zaslon s katerim koli stikalom ali iPadom.&nbsp;<\/div>","protected":false},"excerpt":{"rendered":"<p>Plo\u0161\u010da slikovnih pik<\/p>","protected":false},"featured_media":9117,"menu_order":0,"comment_status":"open","ping_status":"closed","template":"","meta":[],"product_brand":[],"product_cat":[132,125],"product_tag":[],"class_list":{"0":"post-4671","1":"product","2":"type-product","3":"status-publish","4":"has-post-thumbnail","6":"product_cat-mse-kontrolniki","7":"product_cat-snoezelen","9":"first","10":"instock","11":"taxable","12":"shipping-taxable","13":"purchasable","14":"product-type-simple"},"jetpack_sharing_enabled":true,"_links":{"self":[{"href":"https:\/\/senzorika-varga.si\/en\/wp-json\/wp\/v2\/product\/4671","targetHints":{"allow":["GET"]}}],"collection":[{"href":"https:\/\/senzorika-varga.si\/en\/wp-json\/wp\/v2\/product"}],"about":[{"href":"https:\/\/senzorika-varga.si\/en\/wp-json\/wp\/v2\/types\/product"}],"replies":[{"embeddable":true,"href":"https:\/\/senzorika-varga.si\/en\/wp-json\/wp\/v2\/comments?post=4671"}],"version-history":[{"count":1,"href":"https:\/\/senzorika-varga.si\/en\/wp-json\/wp\/v2\/product\/4671\/revisions"}],"predecessor-version":[{"id":4672,"href":"https:\/\/senzorika-varga.si\/en\/wp-json\/wp\/v2\/product\/4671\/revisions\/4672"}],"wp:featuredmedia":[{"embeddable":true,"href":"https:\/\/senzorika-varga.si\/en\/wp-json\/wp\/v2\/media\/9117"}],"wp:attachment":[{"href":"https:\/\/senzorika-varga.si\/en\/wp-json\/wp\/v2\/media?parent=4671"}],"wp:term":[{"taxonomy":"product_brand","embeddable":true,"href":"https:\/\/senzorika-varga.si\/en\/wp-json\/wp\/v2\/product_brand?post=4671"},{"taxonomy":"product_cat","embeddable":true,"href":"https:\/\/senzorika-varga.si\/en\/wp-json\/wp\/v2\/product_cat?post=4671"},{"taxonomy":"product_tag","embeddable":true,"href":"https:\/\/senzorika-varga.si\/en\/wp-json\/wp\/v2\/product_tag?post=4671"}],"curies":[{"name":"wp","href":"https:\/\/api.w.org\/{rel}","templated":true}]}}