{"id":4645,"date":"2025-11-03T21:58:45","date_gmt":"2025-11-03T21:58:45","guid":{"rendered":"https:\/\/senzorika.ajvonidol.si\/?post_type=product&#038;p=4645"},"modified":"2025-12-31T08:35:03","modified_gmt":"2025-12-31T08:35:03","slug":"tlacilka-za-balone","status":"publish","type":"product","link":"https:\/\/senzorika-varga.si\/en\/product\/tlacilka-za-balone\/","title":{"rendered":"Tla\u010dilka za balone"},"content":{"rendered":"<div><!--block-->Velik rde\u010d ro\u010daj olaj\u0161a napihovanje. Priklju\u010ditev avtomobila ali rakete na \u010drpalko zahteva nekaj natan\u010dnosti, povezava balona z avtomobilom (ali raketo) je te\u017eavna (ko pa je &#8220;nalo\u017een&#8221; ostane na mestu). Najla\u017eje je pritisniti gumb za izstrelitev vozila na balon.<\/div>","protected":false},"excerpt":{"rendered":"<p>Tla\u010dilka za balone<\/p>","protected":false},"featured_media":5515,"menu_order":0,"comment_status":"open","ping_status":"closed","template":"","meta":[],"product_brand":[],"product_cat":[102,70,101,112,95,97,104,107,68],"product_tag":[],"class_list":{"0":"post-4645","1":"product","2":"type-product","3":"status-publish","4":"has-post-thumbnail","6":"product_cat-fina-motorika","7":"product_cat-gledanje","8":"product_cat-motorika","9":"product_cat-odzivnost-in-nagrajevanje","10":"product_cat-propriocepcija","11":"product_cat-razlicnost-stiska","12":"product_cat-seganje","13":"product_cat-spoznavanje","14":"product_cat-vizualni-pripomocki","16":"first","17":"instock","18":"taxable","19":"shipping-taxable","20":"purchasable","21":"product-type-simple"},"jetpack_sharing_enabled":true,"_links":{"self":[{"href":"https:\/\/senzorika-varga.si\/en\/wp-json\/wp\/v2\/product\/4645","targetHints":{"allow":["GET"]}}],"collection":[{"href":"https:\/\/senzorika-varga.si\/en\/wp-json\/wp\/v2\/product"}],"about":[{"href":"https:\/\/senzorika-varga.si\/en\/wp-json\/wp\/v2\/types\/product"}],"replies":[{"embeddable":true,"href":"https:\/\/senzorika-varga.si\/en\/wp-json\/wp\/v2\/comments?post=4645"}],"version-history":[{"count":1,"href":"https:\/\/senzorika-varga.si\/en\/wp-json\/wp\/v2\/product\/4645\/revisions"}],"predecessor-version":[{"id":4646,"href":"https:\/\/senzorika-varga.si\/en\/wp-json\/wp\/v2\/product\/4645\/revisions\/4646"}],"wp:featuredmedia":[{"embeddable":true,"href":"https:\/\/senzorika-varga.si\/en\/wp-json\/wp\/v2\/media\/5515"}],"wp:attachment":[{"href":"https:\/\/senzorika-varga.si\/en\/wp-json\/wp\/v2\/media?parent=4645"}],"wp:term":[{"taxonomy":"product_brand","embeddable":true,"href":"https:\/\/senzorika-varga.si\/en\/wp-json\/wp\/v2\/product_brand?post=4645"},{"taxonomy":"product_cat","embeddable":true,"href":"https:\/\/senzorika-varga.si\/en\/wp-json\/wp\/v2\/product_cat?post=4645"},{"taxonomy":"product_tag","embeddable":true,"href":"https:\/\/senzorika-varga.si\/en\/wp-json\/wp\/v2\/product_tag?post=4645"}],"curies":[{"name":"wp","href":"https:\/\/api.w.org\/{rel}","templated":true}]}}