{"id":4617,"date":"2025-11-03T21:58:43","date_gmt":"2025-11-03T21:58:43","guid":{"rendered":"https:\/\/senzorika.ajvonidol.si\/?post_type=product&#038;p=4617"},"modified":"2025-12-31T08:36:46","modified_gmt":"2025-12-31T08:36:46","slug":"ogledala-na-stenski-blazini","status":"publish","type":"product","link":"https:\/\/senzorika-varga.si\/en\/product\/ogledala-na-stenski-blazini\/","title":{"rendered":"Ogledala na stenski blazini"},"content":{"rendered":"<p>Par stenskih blazin s 3 nezlomljivimi ogledali. Vklju\u010deni so velcro je\u017eki. Brez latexa, vodoodporno in enostavno je za \u010distiti in obrisati.<\/p>","protected":false},"excerpt":{"rendered":"<p>Ogledala na stenski blazini<\/p>","protected":false},"featured_media":9219,"menu_order":0,"comment_status":"open","ping_status":"closed","template":"","meta":[],"product_brand":[],"product_cat":[70,130,69,125,85,131,68],"product_tag":[],"class_list":{"0":"post-4617","1":"product","2":"type-product","3":"status-publish","4":"has-post-thumbnail","6":"product_cat-gledanje","7":"product_cat-mehki-predmeti","8":"product_cat-ogledala","9":"product_cat-snoezelen","10":"product_cat-taktilne-stene","11":"product_cat-vecta-mse","12":"product_cat-vizualni-pripomocki","14":"first","15":"instock","16":"taxable","17":"shipping-taxable","18":"purchasable","19":"product-type-simple"},"jetpack_sharing_enabled":true,"_links":{"self":[{"href":"https:\/\/senzorika-varga.si\/en\/wp-json\/wp\/v2\/product\/4617","targetHints":{"allow":["GET"]}}],"collection":[{"href":"https:\/\/senzorika-varga.si\/en\/wp-json\/wp\/v2\/product"}],"about":[{"href":"https:\/\/senzorika-varga.si\/en\/wp-json\/wp\/v2\/types\/product"}],"replies":[{"embeddable":true,"href":"https:\/\/senzorika-varga.si\/en\/wp-json\/wp\/v2\/comments?post=4617"}],"version-history":[{"count":1,"href":"https:\/\/senzorika-varga.si\/en\/wp-json\/wp\/v2\/product\/4617\/revisions"}],"predecessor-version":[{"id":4618,"href":"https:\/\/senzorika-varga.si\/en\/wp-json\/wp\/v2\/product\/4617\/revisions\/4618"}],"wp:featuredmedia":[{"embeddable":true,"href":"https:\/\/senzorika-varga.si\/en\/wp-json\/wp\/v2\/media\/9219"}],"wp:attachment":[{"href":"https:\/\/senzorika-varga.si\/en\/wp-json\/wp\/v2\/media?parent=4617"}],"wp:term":[{"taxonomy":"product_brand","embeddable":true,"href":"https:\/\/senzorika-varga.si\/en\/wp-json\/wp\/v2\/product_brand?post=4617"},{"taxonomy":"product_cat","embeddable":true,"href":"https:\/\/senzorika-varga.si\/en\/wp-json\/wp\/v2\/product_cat?post=4617"},{"taxonomy":"product_tag","embeddable":true,"href":"https:\/\/senzorika-varga.si\/en\/wp-json\/wp\/v2\/product_tag?post=4617"}],"curies":[{"name":"wp","href":"https:\/\/api.w.org\/{rel}","templated":true}]}}