{"id":4291,"date":"2025-11-03T21:58:10","date_gmt":"2025-11-03T21:58:10","guid":{"rendered":"https:\/\/senzorika.ajvonidol.si\/?post_type=product&#038;p=4291"},"modified":"2025-12-31T08:34:43","modified_gmt":"2025-12-31T08:34:43","slug":"bouncing-chair-cover-standard","status":"publish","type":"product","link":"https:\/\/senzorika-varga.si\/en\/product\/bouncing-chair-cover-standard\/","title":{"rendered":"Prevleka za posko\u010dni stol &#8211; standard"},"content":{"rendered":"<div><!--block-->Na\u0161a standardna prevleka se prilega okvirju stola Posko\u010dni stol. Ko otrok preraste razli\u010dico Lahek, prevleka Standard omogo\u010da enostavno nadgradnjo, ki otrokom omogo\u010da uporabo ogrodja stola \u010dim dlje. Naslednje je podano kot vodilo, ki vam bo pomagalo izbrati najbolj\u0161o velikost za va\u0161ega otroka. Prosimo, kontaktirajte nas, \u010de potrebujete dodatno pomo\u010d: -Light Ref: 8BOCHL Temno modra prevleka za otroke, ki tehtajo 16-20 kg; priporo\u010dena starost do 6 let; vi\u0161ina od sede\u017ea do vrha okvirja 53 cm; \u0161irina 50 cm; globina sede\u017ea 16 cm. &#8211; Standard Ref: 8BOCH Svetlo modra prevleka za otroke, ki tehtajo 20-25 kg; priporo\u010dena starost do 6 let; vi\u0161ina od sede\u017ea do vrha okvirja 63 cm; \u0161irina 50 cm; globina sede\u017ea 21 cm. -Large Ref: 8BOCHX Rde\u010da prevleka za otroke, ki tehtajo med 25 in 30 kg; priporo\u010dena starost do 9 let; vi\u0161ina od sede\u017ea do vrha okvirja 80 cm; \u0161irina 50 cm; globina sede\u017ea 27 cm. Vklju\u010duje na\u0161 deluxe pas. *OKVIR SE PRODAJA LO\u010cENO<\/div>","protected":false},"excerpt":{"rendered":"<p>Prevleka za posko\u010dni stol &#8211; standard<\/p>","protected":false},"featured_media":7558,"menu_order":0,"comment_status":"open","ping_status":"closed","template":"","meta":[],"product_brand":[],"product_cat":[78,75],"product_tag":[],"class_list":{"0":"post-4291","1":"product","2":"type-product","3":"status-publish","4":"has-post-thumbnail","6":"product_cat-senzorna-integracija","7":"product_cat-vestibularni-pripomocki","9":"first","10":"instock","11":"taxable","12":"shipping-taxable","13":"purchasable","14":"product-type-simple"},"jetpack_sharing_enabled":true,"_links":{"self":[{"href":"https:\/\/senzorika-varga.si\/en\/wp-json\/wp\/v2\/product\/4291","targetHints":{"allow":["GET"]}}],"collection":[{"href":"https:\/\/senzorika-varga.si\/en\/wp-json\/wp\/v2\/product"}],"about":[{"href":"https:\/\/senzorika-varga.si\/en\/wp-json\/wp\/v2\/types\/product"}],"replies":[{"embeddable":true,"href":"https:\/\/senzorika-varga.si\/en\/wp-json\/wp\/v2\/comments?post=4291"}],"version-history":[{"count":1,"href":"https:\/\/senzorika-varga.si\/en\/wp-json\/wp\/v2\/product\/4291\/revisions"}],"predecessor-version":[{"id":4292,"href":"https:\/\/senzorika-varga.si\/en\/wp-json\/wp\/v2\/product\/4291\/revisions\/4292"}],"wp:featuredmedia":[{"embeddable":true,"href":"https:\/\/senzorika-varga.si\/en\/wp-json\/wp\/v2\/media\/7558"}],"wp:attachment":[{"href":"https:\/\/senzorika-varga.si\/en\/wp-json\/wp\/v2\/media?parent=4291"}],"wp:term":[{"taxonomy":"product_brand","embeddable":true,"href":"https:\/\/senzorika-varga.si\/en\/wp-json\/wp\/v2\/product_brand?post=4291"},{"taxonomy":"product_cat","embeddable":true,"href":"https:\/\/senzorika-varga.si\/en\/wp-json\/wp\/v2\/product_cat?post=4291"},{"taxonomy":"product_tag","embeddable":true,"href":"https:\/\/senzorika-varga.si\/en\/wp-json\/wp\/v2\/product_tag?post=4291"}],"curies":[{"name":"wp","href":"https:\/\/api.w.org\/{rel}","templated":true}]}}