{"id":4255,"date":"2025-11-03T21:58:06","date_gmt":"2025-11-03T21:58:06","guid":{"rendered":"https:\/\/senzorika.ajvonidol.si\/?post_type=product&#038;p=4255"},"modified":"2025-12-31T08:34:05","modified_gmt":"2025-12-31T08:34:05","slug":"weighted-blanket-and-minky-dot-cover-3","status":"publish","type":"product","link":"https:\/\/senzorika-varga.si\/en\/product\/weighted-blanket-and-minky-dot-cover-3\/","title":{"rendered":"Ote\u017eena odeja s pik\u010dasto prevleko 3,6kg"},"content":{"rendered":"<div><!--block-->Prevleka in odeja sta pralna.<\/p>\n<p>Ote\u017eena odeja je oblika terapije z globokim pritiskom in je lahko zelo koristna za otroke s senzori\u010dnimi te\u017eavami! Ali ste vedeli, da je dobra tudi za:<br \/>1. Obvladovanje motnje senzori\u010dne obdelave, za osebe z avtizmom in ADHD<br \/>2. Zmanj\u0161anje stresa in tesnobe<br \/>3. Izbolj\u0161anje koncentracije<br \/>4. Pove\u010duje serotonin (hormon sre\u010de)<br \/>5. Pomaga pri laj\u0161anju nespe\u010dnosti in izbolj\u0161anju kakovosti spanca<\/p>\n<p>Izbirajte med 4 te\u017eami \u2013 odeja mora tehtati pribli\u017eno 10 % te\u017ee uporabnika. Na\u0161e obte\u017eene odeje so polnjene s silikonskimi kroglicami. Perle so zelo goste, zato so na\u0161e odeje v primerjavi z drugimi znamkami tanke za svojo te\u017eo. Silikonske kroglice so prav tako zelo majhne, \u200b\u200bzato se ne \u010dutijo ali sli\u0161ijo zrnato (zmanj\u0161ujejo taktilno in slu\u0161no stimulacijo), kar vodi do bolj\u0161ega spanca.<\/p>\n<p>Ta priljubljen komplet vklju\u010duje na\u0161o super mehko, odstranljivo prevleko Minky Dot iz 100 % poliestra. Odeja deluje kot odli\u010dno pomirjujo\u010de orodje in zagotavlja dodaten otipljiv ob\u010dutek &#8211; ena stran pik\u010dasta in druga pa je gladka.<\/p><\/div>","protected":false},"excerpt":{"rendered":"<p>Ote\u017eena odeja s pik\u010dasto prevleko 3,6kg<\/p>","protected":false},"featured_media":6399,"menu_order":0,"comment_status":"open","ping_status":"closed","template":"","meta":[],"product_brand":[],"product_cat":[98,95,125,100],"product_tag":[],"class_list":{"0":"post-4255","1":"product","2":"type-product","3":"status-publish","4":"has-post-thumbnail","6":"product_cat-obcutek-telesa","7":"product_cat-propriocepcija","8":"product_cat-snoezelen","9":"product_cat-udobje","11":"first","12":"instock","13":"taxable","14":"shipping-taxable","15":"purchasable","16":"product-type-simple"},"jetpack_sharing_enabled":true,"_links":{"self":[{"href":"https:\/\/senzorika-varga.si\/en\/wp-json\/wp\/v2\/product\/4255","targetHints":{"allow":["GET"]}}],"collection":[{"href":"https:\/\/senzorika-varga.si\/en\/wp-json\/wp\/v2\/product"}],"about":[{"href":"https:\/\/senzorika-varga.si\/en\/wp-json\/wp\/v2\/types\/product"}],"replies":[{"embeddable":true,"href":"https:\/\/senzorika-varga.si\/en\/wp-json\/wp\/v2\/comments?post=4255"}],"version-history":[{"count":2,"href":"https:\/\/senzorika-varga.si\/en\/wp-json\/wp\/v2\/product\/4255\/revisions"}],"predecessor-version":[{"id":13574,"href":"https:\/\/senzorika-varga.si\/en\/wp-json\/wp\/v2\/product\/4255\/revisions\/13574"}],"wp:featuredmedia":[{"embeddable":true,"href":"https:\/\/senzorika-varga.si\/en\/wp-json\/wp\/v2\/media\/6399"}],"wp:attachment":[{"href":"https:\/\/senzorika-varga.si\/en\/wp-json\/wp\/v2\/media?parent=4255"}],"wp:term":[{"taxonomy":"product_brand","embeddable":true,"href":"https:\/\/senzorika-varga.si\/en\/wp-json\/wp\/v2\/product_brand?post=4255"},{"taxonomy":"product_cat","embeddable":true,"href":"https:\/\/senzorika-varga.si\/en\/wp-json\/wp\/v2\/product_cat?post=4255"},{"taxonomy":"product_tag","embeddable":true,"href":"https:\/\/senzorika-varga.si\/en\/wp-json\/wp\/v2\/product_tag?post=4255"}],"curies":[{"name":"wp","href":"https:\/\/api.w.org\/{rel}","templated":true}]}}