{"id":4183,"date":"2025-11-03T21:57:57","date_gmt":"2025-11-03T21:57:57","guid":{"rendered":"https:\/\/senzorika.ajvonidol.si\/?post_type=product&#038;p=4183"},"modified":"2026-01-11T21:44:36","modified_gmt":"2026-01-11T21:44:36","slug":"taktilni-stolp-zelen","status":"publish","type":"product","link":"https:\/\/senzorika-varga.si\/en\/product\/taktilni-stolp-zelen\/","title":{"rendered":"Taktilni stolp Zelen"},"content":{"rendered":"<div><!--block-->Taktilna plo\u0161\u010da, primerna kot taktilna umetnost na steni na hodniku, v senzori\u010dni sobi ali v u\u010dilnici. Izberite svojo najljub\u0161o!<\/div>","protected":false},"excerpt":{"rendered":"<p>Taktilni stolp Zelen<\/p>","protected":false},"featured_media":9268,"menu_order":0,"comment_status":"open","ping_status":"closed","template":"","meta":[],"product_brand":[],"product_cat":[125,85,80,84,131],"product_tag":[],"class_list":{"0":"post-4183","1":"product","2":"type-product","3":"status-publish","4":"has-post-thumbnail","6":"product_cat-snoezelen","7":"product_cat-taktilne-stene","8":"product_cat-taktilni-pripomocki","9":"product_cat-taktilno-razlikovanje","10":"product_cat-vecta-mse","12":"first","13":"instock","14":"taxable","15":"shipping-taxable","16":"purchasable","17":"product-type-simple"},"jetpack_sharing_enabled":true,"_links":{"self":[{"href":"https:\/\/senzorika-varga.si\/en\/wp-json\/wp\/v2\/product\/4183","targetHints":{"allow":["GET"]}}],"collection":[{"href":"https:\/\/senzorika-varga.si\/en\/wp-json\/wp\/v2\/product"}],"about":[{"href":"https:\/\/senzorika-varga.si\/en\/wp-json\/wp\/v2\/types\/product"}],"replies":[{"embeddable":true,"href":"https:\/\/senzorika-varga.si\/en\/wp-json\/wp\/v2\/comments?post=4183"}],"version-history":[{"count":1,"href":"https:\/\/senzorika-varga.si\/en\/wp-json\/wp\/v2\/product\/4183\/revisions"}],"predecessor-version":[{"id":4184,"href":"https:\/\/senzorika-varga.si\/en\/wp-json\/wp\/v2\/product\/4183\/revisions\/4184"}],"wp:featuredmedia":[{"embeddable":true,"href":"https:\/\/senzorika-varga.si\/en\/wp-json\/wp\/v2\/media\/9268"}],"wp:attachment":[{"href":"https:\/\/senzorika-varga.si\/en\/wp-json\/wp\/v2\/media?parent=4183"}],"wp:term":[{"taxonomy":"product_brand","embeddable":true,"href":"https:\/\/senzorika-varga.si\/en\/wp-json\/wp\/v2\/product_brand?post=4183"},{"taxonomy":"product_cat","embeddable":true,"href":"https:\/\/senzorika-varga.si\/en\/wp-json\/wp\/v2\/product_cat?post=4183"},{"taxonomy":"product_tag","embeddable":true,"href":"https:\/\/senzorika-varga.si\/en\/wp-json\/wp\/v2\/product_tag?post=4183"}],"curies":[{"name":"wp","href":"https:\/\/api.w.org\/{rel}","templated":true}]}}