{"id":3977,"date":"2025-11-03T21:57:28","date_gmt":"2025-11-03T21:57:28","guid":{"rendered":"https:\/\/senzorika.ajvonidol.si\/?post_type=product&#038;p=3977"},"modified":"2025-12-31T08:33:49","modified_gmt":"2025-12-31T08:33:49","slug":"prevleka-za-ropotajoco-kaco","status":"publish","type":"product","link":"https:\/\/senzorika-varga.si\/en\/product\/prevleka-za-ropotajoco-kaco\/","title":{"rendered":"Prevleka za ropotajo\u010do ka\u010do"},"content":{"rendered":"<div><!--block-->Ropotajo\u010do ka\u010do lahko prevle\u010dete z mehkim flisom. Prevleka nudi prijeten dotik in sprostitev ter novo taktilno izku\u0161njo zelo priljubljene ropotajo\u010de ka\u010de. Prevleka je pralna, na vsakem koncu ima elastiko. Zato je name\u0161\u010danje in odstranjevanje \u010disto enostavno. Priporo\u010damo pranje v topli vodi in nato su\u0161enje. Ropotajo\u010da ka\u010da (3STVS) se prodaja posebej.<\/div>","protected":false},"excerpt":{"rendered":"<p>Prevleka za ropotajo\u010do ka\u010do<\/p>","protected":false},"featured_media":5983,"menu_order":0,"comment_status":"open","ping_status":"closed","template":"","meta":[],"product_brand":[],"product_cat":[96,98,95,125,99],"product_tag":[],"class_list":{"0":"post-3977","1":"product","2":"type-product","3":"status-publish","4":"has-post-thumbnail","6":"product_cat-masaza","7":"product_cat-obcutek-telesa","8":"product_cat-propriocepcija","9":"product_cat-snoezelen","10":"product_cat-vibracije","12":"first","13":"instock","14":"taxable","15":"shipping-taxable","16":"purchasable","17":"product-type-simple"},"jetpack_sharing_enabled":true,"_links":{"self":[{"href":"https:\/\/senzorika-varga.si\/en\/wp-json\/wp\/v2\/product\/3977","targetHints":{"allow":["GET"]}}],"collection":[{"href":"https:\/\/senzorika-varga.si\/en\/wp-json\/wp\/v2\/product"}],"about":[{"href":"https:\/\/senzorika-varga.si\/en\/wp-json\/wp\/v2\/types\/product"}],"replies":[{"embeddable":true,"href":"https:\/\/senzorika-varga.si\/en\/wp-json\/wp\/v2\/comments?post=3977"}],"version-history":[{"count":1,"href":"https:\/\/senzorika-varga.si\/en\/wp-json\/wp\/v2\/product\/3977\/revisions"}],"predecessor-version":[{"id":3978,"href":"https:\/\/senzorika-varga.si\/en\/wp-json\/wp\/v2\/product\/3977\/revisions\/3978"}],"wp:featuredmedia":[{"embeddable":true,"href":"https:\/\/senzorika-varga.si\/en\/wp-json\/wp\/v2\/media\/5983"}],"wp:attachment":[{"href":"https:\/\/senzorika-varga.si\/en\/wp-json\/wp\/v2\/media?parent=3977"}],"wp:term":[{"taxonomy":"product_brand","embeddable":true,"href":"https:\/\/senzorika-varga.si\/en\/wp-json\/wp\/v2\/product_brand?post=3977"},{"taxonomy":"product_cat","embeddable":true,"href":"https:\/\/senzorika-varga.si\/en\/wp-json\/wp\/v2\/product_cat?post=3977"},{"taxonomy":"product_tag","embeddable":true,"href":"https:\/\/senzorika-varga.si\/en\/wp-json\/wp\/v2\/product_tag?post=3977"}],"curies":[{"name":"wp","href":"https:\/\/api.w.org\/{rel}","templated":true}]}}