{"id":3971,"date":"2025-11-03T21:57:28","date_gmt":"2025-11-03T21:57:28","guid":{"rendered":"https:\/\/senzorika.ajvonidol.si\/?post_type=product&#038;p=3971"},"modified":"2025-12-31T08:33:40","modified_gmt":"2025-12-31T08:33:40","slug":"vodna-tla-4-kom","status":"publish","type":"product","link":"https:\/\/senzorika-varga.si\/en\/product\/vodna-tla-4-kom\/","title":{"rendered":"Vodna tla &#8211; 4 kom"},"content":{"rendered":"<div><!--block-->Za spodbujanje senzorne integracije in razvoj grobe motorike s pomo\u010djo vodnih tal. V kompletu se nahajo 4 deli. Barve se prelivajo pri stopanju, skakanju, pleasnju, ipd.. Ne pu\u0161\u010dajo, vsebujejo ne-strupeno kozmeti\u010dno teko\u010dino. Na hrbtni strani ima nedrse\u010do podlogo.<\/div>","protected":false},"excerpt":{"rendered":"<p>Vodna tla &#8211; 4 kom<\/p>","protected":false},"featured_media":7219,"menu_order":0,"comment_status":"open","ping_status":"closed","template":"","meta":[],"product_brand":[],"product_cat":[125,80,84],"product_tag":[],"class_list":{"0":"post-3971","1":"product","2":"type-product","3":"status-publish","4":"has-post-thumbnail","6":"product_cat-snoezelen","7":"product_cat-taktilni-pripomocki","8":"product_cat-taktilno-razlikovanje","10":"first","11":"instock","12":"taxable","13":"shipping-taxable","14":"purchasable","15":"product-type-simple"},"jetpack_sharing_enabled":true,"_links":{"self":[{"href":"https:\/\/senzorika-varga.si\/en\/wp-json\/wp\/v2\/product\/3971","targetHints":{"allow":["GET"]}}],"collection":[{"href":"https:\/\/senzorika-varga.si\/en\/wp-json\/wp\/v2\/product"}],"about":[{"href":"https:\/\/senzorika-varga.si\/en\/wp-json\/wp\/v2\/types\/product"}],"replies":[{"embeddable":true,"href":"https:\/\/senzorika-varga.si\/en\/wp-json\/wp\/v2\/comments?post=3971"}],"version-history":[{"count":1,"href":"https:\/\/senzorika-varga.si\/en\/wp-json\/wp\/v2\/product\/3971\/revisions"}],"predecessor-version":[{"id":3972,"href":"https:\/\/senzorika-varga.si\/en\/wp-json\/wp\/v2\/product\/3971\/revisions\/3972"}],"wp:featuredmedia":[{"embeddable":true,"href":"https:\/\/senzorika-varga.si\/en\/wp-json\/wp\/v2\/media\/7219"}],"wp:attachment":[{"href":"https:\/\/senzorika-varga.si\/en\/wp-json\/wp\/v2\/media?parent=3971"}],"wp:term":[{"taxonomy":"product_brand","embeddable":true,"href":"https:\/\/senzorika-varga.si\/en\/wp-json\/wp\/v2\/product_brand?post=3971"},{"taxonomy":"product_cat","embeddable":true,"href":"https:\/\/senzorika-varga.si\/en\/wp-json\/wp\/v2\/product_cat?post=3971"},{"taxonomy":"product_tag","embeddable":true,"href":"https:\/\/senzorika-varga.si\/en\/wp-json\/wp\/v2\/product_tag?post=3971"}],"curies":[{"name":"wp","href":"https:\/\/api.w.org\/{rel}","templated":true}]}}