{"id":3957,"date":"2025-11-03T21:57:26","date_gmt":"2025-11-03T21:57:26","guid":{"rendered":"https:\/\/senzorika.ajvonidol.si\/?post_type=product&#038;p=3957"},"modified":"2026-01-11T22:19:07","modified_gmt":"2026-01-11T22:19:07","slug":"brezzicni-sprejemnik-kombiniran","status":"publish","type":"product","link":"https:\/\/senzorika-varga.si\/en\/product\/brezzicni-sprejemnik-kombiniran\/","title":{"rendered":"Kombiniran brez\u017ei\u010dni sprejemnik"},"content":{"rendered":"<div><!--block-->Omogo\u010da brez\u017ei\u010dno upravljanje barv pri vodnih stolpih, vodnih stenah, opti\u010dnih vlaknih ter zra\u010dnih stolpov.&nbsp;<\/div>","protected":false},"excerpt":{"rendered":"<p>Kombiniran brez\u017ei\u010dni sprejemnik<\/p>","protected":false},"featured_media":9139,"menu_order":0,"comment_status":"open","ping_status":"closed","template":"","meta":[],"product_brand":[],"product_cat":[132,127,125,128],"product_tag":[],"class_list":{"0":"post-3957","1":"product","2":"type-product","3":"status-publish","4":"has-post-thumbnail","6":"product_cat-mse-kontrolniki","7":"product_cat-opticna-vlakna","8":"product_cat-snoezelen","9":"product_cat-vodni-stolpi","11":"first","12":"instock","13":"taxable","14":"shipping-taxable","15":"purchasable","16":"product-type-simple"},"jetpack_sharing_enabled":true,"_links":{"self":[{"href":"https:\/\/senzorika-varga.si\/en\/wp-json\/wp\/v2\/product\/3957","targetHints":{"allow":["GET"]}}],"collection":[{"href":"https:\/\/senzorika-varga.si\/en\/wp-json\/wp\/v2\/product"}],"about":[{"href":"https:\/\/senzorika-varga.si\/en\/wp-json\/wp\/v2\/types\/product"}],"replies":[{"embeddable":true,"href":"https:\/\/senzorika-varga.si\/en\/wp-json\/wp\/v2\/comments?post=3957"}],"version-history":[{"count":1,"href":"https:\/\/senzorika-varga.si\/en\/wp-json\/wp\/v2\/product\/3957\/revisions"}],"predecessor-version":[{"id":3958,"href":"https:\/\/senzorika-varga.si\/en\/wp-json\/wp\/v2\/product\/3957\/revisions\/3958"}],"wp:featuredmedia":[{"embeddable":true,"href":"https:\/\/senzorika-varga.si\/en\/wp-json\/wp\/v2\/media\/9139"}],"wp:attachment":[{"href":"https:\/\/senzorika-varga.si\/en\/wp-json\/wp\/v2\/media?parent=3957"}],"wp:term":[{"taxonomy":"product_brand","embeddable":true,"href":"https:\/\/senzorika-varga.si\/en\/wp-json\/wp\/v2\/product_brand?post=3957"},{"taxonomy":"product_cat","embeddable":true,"href":"https:\/\/senzorika-varga.si\/en\/wp-json\/wp\/v2\/product_cat?post=3957"},{"taxonomy":"product_tag","embeddable":true,"href":"https:\/\/senzorika-varga.si\/en\/wp-json\/wp\/v2\/product_tag?post=3957"}],"curies":[{"name":"wp","href":"https:\/\/api.w.org\/{rel}","templated":true}]}}