{"id":3887,"date":"2025-11-03T21:57:17","date_gmt":"2025-11-03T21:57:17","guid":{"rendered":"https:\/\/senzorika.ajvonidol.si\/?post_type=product&#038;p=3887"},"modified":"2025-12-31T08:33:22","modified_gmt":"2025-12-31T08:33:22","slug":"kolo-za-vrtenje-s-kroglicami","status":"publish","type":"product","link":"https:\/\/senzorika-varga.si\/en\/product\/kolo-za-vrtenje-s-kroglicami\/","title":{"rendered":"Kolo za vrtenje s kroglicami"},"content":{"rendered":"<div><!--block-->\u00a0Pri umirjenem vrtenju oddaja ne\u017een zvok de\u017eja, pri hitrej\u0161em pa se zvok postopoma stopnjuje.<\/div>","protected":false},"excerpt":{"rendered":"<p>Kolo za vrtenje s kroglicami<\/p>","protected":false},"featured_media":6964,"menu_order":0,"comment_status":"open","ping_status":"closed","template":"","meta":[],"product_brand":[],"product_cat":[72,68],"product_tag":[],"class_list":{"0":"post-3887","1":"product","2":"type-product","3":"status-publish","4":"has-post-thumbnail","6":"product_cat-uv","7":"product_cat-vizualni-pripomocki","9":"first","10":"instock","11":"taxable","12":"shipping-taxable","13":"purchasable","14":"product-type-simple"},"jetpack_sharing_enabled":true,"_links":{"self":[{"href":"https:\/\/senzorika-varga.si\/en\/wp-json\/wp\/v2\/product\/3887","targetHints":{"allow":["GET"]}}],"collection":[{"href":"https:\/\/senzorika-varga.si\/en\/wp-json\/wp\/v2\/product"}],"about":[{"href":"https:\/\/senzorika-varga.si\/en\/wp-json\/wp\/v2\/types\/product"}],"replies":[{"embeddable":true,"href":"https:\/\/senzorika-varga.si\/en\/wp-json\/wp\/v2\/comments?post=3887"}],"version-history":[{"count":3,"href":"https:\/\/senzorika-varga.si\/en\/wp-json\/wp\/v2\/product\/3887\/revisions"}],"predecessor-version":[{"id":9717,"href":"https:\/\/senzorika-varga.si\/en\/wp-json\/wp\/v2\/product\/3887\/revisions\/9717"}],"wp:featuredmedia":[{"embeddable":true,"href":"https:\/\/senzorika-varga.si\/en\/wp-json\/wp\/v2\/media\/6964"}],"wp:attachment":[{"href":"https:\/\/senzorika-varga.si\/en\/wp-json\/wp\/v2\/media?parent=3887"}],"wp:term":[{"taxonomy":"product_brand","embeddable":true,"href":"https:\/\/senzorika-varga.si\/en\/wp-json\/wp\/v2\/product_brand?post=3887"},{"taxonomy":"product_cat","embeddable":true,"href":"https:\/\/senzorika-varga.si\/en\/wp-json\/wp\/v2\/product_cat?post=3887"},{"taxonomy":"product_tag","embeddable":true,"href":"https:\/\/senzorika-varga.si\/en\/wp-json\/wp\/v2\/product_tag?post=3887"}],"curies":[{"name":"wp","href":"https:\/\/api.w.org\/{rel}","templated":true}]}}