{"id":3849,"date":"2025-11-03T21:57:13","date_gmt":"2025-11-03T21:57:13","guid":{"rendered":"https:\/\/senzorika.ajvonidol.si\/?post_type=product&#038;p=3849"},"modified":"2025-12-31T08:35:36","modified_gmt":"2025-12-31T08:35:36","slug":"prijatelj-kuza","status":"publish","type":"product","link":"https:\/\/senzorika-varga.si\/en\/product\/prijatelj-kuza\/","title":{"rendered":"Prijatelj Ku\u017ea"},"content":{"rendered":"<div><!--block-->Doma\u010da \u017eival, ki deluje na baterije. Na zunaj ima zelo poudarjene poteze in zaradi mehanizma deluje kot \u017eivo bitje. Reagira in se ogla\u0161a zelo \u017eivi ku\u017ea. Narejen je za izbolj\u0161anje odnosa med uporabnikom in doma\u010do \u017eival. Sli\u0161i se celo sr\u010dni utrip.<\/div>","protected":false},"excerpt":{"rendered":"<p>Prijatelj Ku\u017ea<\/p>","protected":false},"featured_media":6479,"menu_order":0,"comment_status":"open","ping_status":"closed","template":"","meta":[],"product_brand":[],"product_cat":[122,112,119,107],"product_tag":[],"class_list":{"0":"post-3849","1":"product","2":"type-product","3":"status-publish","4":"has-post-thumbnail","6":"product_cat-lutke","7":"product_cat-odzivnost-in-nagrajevanje","8":"product_cat-socializacija","9":"product_cat-spoznavanje","11":"first","12":"instock","13":"taxable","14":"shipping-taxable","15":"purchasable","16":"product-type-simple"},"jetpack_sharing_enabled":true,"_links":{"self":[{"href":"https:\/\/senzorika-varga.si\/en\/wp-json\/wp\/v2\/product\/3849","targetHints":{"allow":["GET"]}}],"collection":[{"href":"https:\/\/senzorika-varga.si\/en\/wp-json\/wp\/v2\/product"}],"about":[{"href":"https:\/\/senzorika-varga.si\/en\/wp-json\/wp\/v2\/types\/product"}],"replies":[{"embeddable":true,"href":"https:\/\/senzorika-varga.si\/en\/wp-json\/wp\/v2\/comments?post=3849"}],"version-history":[{"count":1,"href":"https:\/\/senzorika-varga.si\/en\/wp-json\/wp\/v2\/product\/3849\/revisions"}],"predecessor-version":[{"id":3850,"href":"https:\/\/senzorika-varga.si\/en\/wp-json\/wp\/v2\/product\/3849\/revisions\/3850"}],"wp:featuredmedia":[{"embeddable":true,"href":"https:\/\/senzorika-varga.si\/en\/wp-json\/wp\/v2\/media\/6479"}],"wp:attachment":[{"href":"https:\/\/senzorika-varga.si\/en\/wp-json\/wp\/v2\/media?parent=3849"}],"wp:term":[{"taxonomy":"product_brand","embeddable":true,"href":"https:\/\/senzorika-varga.si\/en\/wp-json\/wp\/v2\/product_brand?post=3849"},{"taxonomy":"product_cat","embeddable":true,"href":"https:\/\/senzorika-varga.si\/en\/wp-json\/wp\/v2\/product_cat?post=3849"},{"taxonomy":"product_tag","embeddable":true,"href":"https:\/\/senzorika-varga.si\/en\/wp-json\/wp\/v2\/product_tag?post=3849"}],"curies":[{"name":"wp","href":"https:\/\/api.w.org\/{rel}","templated":true}]}}