{"id":3847,"date":"2025-11-03T21:57:13","date_gmt":"2025-11-03T21:57:13","guid":{"rendered":"https:\/\/senzorika.ajvonidol.si\/?post_type=product&#038;p=3847"},"modified":"2025-12-31T08:35:36","modified_gmt":"2025-12-31T08:35:36","slug":"tabby-macek","status":"publish","type":"product","link":"https:\/\/senzorika-varga.si\/en\/product\/tabby-macek\/","title":{"rendered":"Tabby Ma\u010dek"},"content":{"rendered":"<div><!--block-->Ma\u010dka ima mehko dlako(lahko se jo krta\u010di), ki jo navdihujejo prave pasme. Odpira in zapira o\u010di, dviguje taco, odpira usta, premika glavo in telo, ima celo sr\u010dni utrip ter prede. Robotsko nagrajevanje zveni, \u010duti in izgleda kot \u017eiva ma\u010dka. Ima pametno vgrajene senzorje, ki se odzivajo na gibanje in dotik (kot sta bo\u017eanje in objemanje).<\/p>\n<p>Odzive in zvoke so razvili specialisti geriatrije, da bi izbolj\u0161ali vez med uporabnikom in hi\u0161nim ljubljen\u010dkom. Ta izdelek se je pojavil v New York Timesu, People Magazine in Baltimore Sun. Predstavljen je bil tudi na CBS in na radiu BBC.<\/p>\n<p>Izjava delovne terapevtke Denis Kamnar, Center slepih in slabovidnih \u0160kofja Loka: \u00bb<em>Ta dva terapevtska mucka, ki ju imamo, sta toliko v uporabi ves \u010das, da ju komaj uspemo o\u010distiti in jima zamenjati baterije! Prav vsi&nbsp; stanovalci (osebe z demenco ter tudi ostali, da ne omenjam slepih, so zelo navdu\u0161eni nad njima) bi ju imeli radi vsak dan v naro\u010djih, res jih prav \u00bbobo\u017eujejo\u00ab. Morali bi videti ta sre\u010den nasmeh, ko da\u0161 terapevtskega mucka nekomu v naro\u010dje. Zato nujno potrebujemo \u0161e kak\u0161nega\u2026\u00ab<\/em><\/div>","protected":false},"excerpt":{"rendered":"<p>Tabby Ma\u010dek<\/p>","protected":false},"featured_media":6470,"menu_order":0,"comment_status":"open","ping_status":"closed","template":"","meta":[],"product_brand":[],"product_cat":[122,112,119,107],"product_tag":[],"class_list":{"0":"post-3847","1":"product","2":"type-product","3":"status-publish","4":"has-post-thumbnail","6":"product_cat-lutke","7":"product_cat-odzivnost-in-nagrajevanje","8":"product_cat-socializacija","9":"product_cat-spoznavanje","11":"first","12":"instock","13":"taxable","14":"shipping-taxable","15":"purchasable","16":"product-type-simple"},"jetpack_sharing_enabled":true,"_links":{"self":[{"href":"https:\/\/senzorika-varga.si\/en\/wp-json\/wp\/v2\/product\/3847","targetHints":{"allow":["GET"]}}],"collection":[{"href":"https:\/\/senzorika-varga.si\/en\/wp-json\/wp\/v2\/product"}],"about":[{"href":"https:\/\/senzorika-varga.si\/en\/wp-json\/wp\/v2\/types\/product"}],"replies":[{"embeddable":true,"href":"https:\/\/senzorika-varga.si\/en\/wp-json\/wp\/v2\/comments?post=3847"}],"version-history":[{"count":1,"href":"https:\/\/senzorika-varga.si\/en\/wp-json\/wp\/v2\/product\/3847\/revisions"}],"predecessor-version":[{"id":3848,"href":"https:\/\/senzorika-varga.si\/en\/wp-json\/wp\/v2\/product\/3847\/revisions\/3848"}],"wp:featuredmedia":[{"embeddable":true,"href":"https:\/\/senzorika-varga.si\/en\/wp-json\/wp\/v2\/media\/6470"}],"wp:attachment":[{"href":"https:\/\/senzorika-varga.si\/en\/wp-json\/wp\/v2\/media?parent=3847"}],"wp:term":[{"taxonomy":"product_brand","embeddable":true,"href":"https:\/\/senzorika-varga.si\/en\/wp-json\/wp\/v2\/product_brand?post=3847"},{"taxonomy":"product_cat","embeddable":true,"href":"https:\/\/senzorika-varga.si\/en\/wp-json\/wp\/v2\/product_cat?post=3847"},{"taxonomy":"product_tag","embeddable":true,"href":"https:\/\/senzorika-varga.si\/en\/wp-json\/wp\/v2\/product_tag?post=3847"}],"curies":[{"name":"wp","href":"https:\/\/api.w.org\/{rel}","templated":true}]}}