{"id":3725,"date":"2025-11-03T21:56:59","date_gmt":"2025-11-03T21:56:59","guid":{"rendered":"https:\/\/senzorika.ajvonidol.si\/?post_type=product&#038;p=3725"},"modified":"2025-12-31T08:33:57","modified_gmt":"2025-12-31T08:33:57","slug":"ball-blanket","status":"publish","type":"product","link":"https:\/\/senzorika-varga.si\/en\/product\/ball-blanket\/","title":{"rendered":"Odeja s kroglicami"},"content":{"rendered":"<div><!--block-->Odeja s kroglicami omogo\u010da sprostitev. Je brez \u0161ivov in je narejena iz materiala, ki ga uporabljajo v bolni\u0161nicah. Enostavno \u010di\u0161\u010denje.<\/div>","protected":false},"excerpt":{"rendered":"<p>Odeja s kroglicami<\/p>","protected":false},"featured_media":6695,"menu_order":0,"comment_status":"open","ping_status":"closed","template":"","meta":[],"product_brand":[],"product_cat":[98,95,125,100],"product_tag":[],"class_list":{"0":"post-3725","1":"product","2":"type-product","3":"status-publish","4":"has-post-thumbnail","6":"product_cat-obcutek-telesa","7":"product_cat-propriocepcija","8":"product_cat-snoezelen","9":"product_cat-udobje","11":"first","12":"instock","13":"taxable","14":"shipping-taxable","15":"purchasable","16":"product-type-simple"},"jetpack_sharing_enabled":true,"_links":{"self":[{"href":"https:\/\/senzorika-varga.si\/en\/wp-json\/wp\/v2\/product\/3725","targetHints":{"allow":["GET"]}}],"collection":[{"href":"https:\/\/senzorika-varga.si\/en\/wp-json\/wp\/v2\/product"}],"about":[{"href":"https:\/\/senzorika-varga.si\/en\/wp-json\/wp\/v2\/types\/product"}],"replies":[{"embeddable":true,"href":"https:\/\/senzorika-varga.si\/en\/wp-json\/wp\/v2\/comments?post=3725"}],"version-history":[{"count":1,"href":"https:\/\/senzorika-varga.si\/en\/wp-json\/wp\/v2\/product\/3725\/revisions"}],"predecessor-version":[{"id":3726,"href":"https:\/\/senzorika-varga.si\/en\/wp-json\/wp\/v2\/product\/3725\/revisions\/3726"}],"wp:featuredmedia":[{"embeddable":true,"href":"https:\/\/senzorika-varga.si\/en\/wp-json\/wp\/v2\/media\/6695"}],"wp:attachment":[{"href":"https:\/\/senzorika-varga.si\/en\/wp-json\/wp\/v2\/media?parent=3725"}],"wp:term":[{"taxonomy":"product_brand","embeddable":true,"href":"https:\/\/senzorika-varga.si\/en\/wp-json\/wp\/v2\/product_brand?post=3725"},{"taxonomy":"product_cat","embeddable":true,"href":"https:\/\/senzorika-varga.si\/en\/wp-json\/wp\/v2\/product_cat?post=3725"},{"taxonomy":"product_tag","embeddable":true,"href":"https:\/\/senzorika-varga.si\/en\/wp-json\/wp\/v2\/product_tag?post=3725"}],"curies":[{"name":"wp","href":"https:\/\/api.w.org\/{rel}","templated":true}]}}