{"id":3693,"date":"2025-11-03T21:56:56","date_gmt":"2025-11-03T21:56:56","guid":{"rendered":"https:\/\/senzorika.ajvonidol.si\/?post_type=product&#038;p=3693"},"modified":"2025-12-31T08:33:35","modified_gmt":"2025-12-31T08:33:35","slug":"boben-za-opazovanje-in-zvok","status":"publish","type":"product","link":"https:\/\/senzorika-varga.si\/en\/product\/boben-za-opazovanje-in-zvok\/","title":{"rendered":"Boben za opazovanje in zvok"},"content":{"rendered":"<p>Razko\u0161en pregled vrtenja. \u0160tiri cevi obdajajo razli\u010dne snovi. Vrtijo se, prav tako pa tudi boben, ki jih dr\u017ei.<\/p>","protected":false},"excerpt":{"rendered":"<p>Boben za opazovanje in zvok<\/p>","protected":false},"featured_media":6975,"menu_order":0,"comment_status":"open","ping_status":"closed","template":"","meta":[],"product_brand":[],"product_cat":[89,88],"product_tag":[],"class_list":{"0":"post-3693","1":"product","2":"type-product","3":"status-publish","4":"has-post-thumbnail","6":"product_cat-glasne-igrace","7":"product_cat-pripomocki-za-sluh","9":"first","10":"instock","11":"taxable","12":"shipping-taxable","13":"purchasable","14":"product-type-simple"},"jetpack_sharing_enabled":true,"_links":{"self":[{"href":"https:\/\/senzorika-varga.si\/en\/wp-json\/wp\/v2\/product\/3693","targetHints":{"allow":["GET"]}}],"collection":[{"href":"https:\/\/senzorika-varga.si\/en\/wp-json\/wp\/v2\/product"}],"about":[{"href":"https:\/\/senzorika-varga.si\/en\/wp-json\/wp\/v2\/types\/product"}],"replies":[{"embeddable":true,"href":"https:\/\/senzorika-varga.si\/en\/wp-json\/wp\/v2\/comments?post=3693"}],"version-history":[{"count":3,"href":"https:\/\/senzorika-varga.si\/en\/wp-json\/wp\/v2\/product\/3693\/revisions"}],"predecessor-version":[{"id":9808,"href":"https:\/\/senzorika-varga.si\/en\/wp-json\/wp\/v2\/product\/3693\/revisions\/9808"}],"wp:featuredmedia":[{"embeddable":true,"href":"https:\/\/senzorika-varga.si\/en\/wp-json\/wp\/v2\/media\/6975"}],"wp:attachment":[{"href":"https:\/\/senzorika-varga.si\/en\/wp-json\/wp\/v2\/media?parent=3693"}],"wp:term":[{"taxonomy":"product_brand","embeddable":true,"href":"https:\/\/senzorika-varga.si\/en\/wp-json\/wp\/v2\/product_brand?post=3693"},{"taxonomy":"product_cat","embeddable":true,"href":"https:\/\/senzorika-varga.si\/en\/wp-json\/wp\/v2\/product_cat?post=3693"},{"taxonomy":"product_tag","embeddable":true,"href":"https:\/\/senzorika-varga.si\/en\/wp-json\/wp\/v2\/product_tag?post=3693"}],"curies":[{"name":"wp","href":"https:\/\/api.w.org\/{rel}","templated":true}]}}