{"id":3623,"date":"2025-11-03T21:56:47","date_gmt":"2025-11-03T21:56:47","guid":{"rendered":"https:\/\/senzorika.ajvonidol.si\/?post_type=product&#038;p=3623"},"modified":"2026-01-11T21:59:18","modified_gmt":"2026-01-11T21:59:18","slug":"genijalna-kocka","status":"publish","type":"product","link":"https:\/\/senzorika-varga.si\/en\/product\/genijalna-kocka\/","title":{"rendered":"Genijalna kocka"},"content":{"rendered":"<p>Prvi stikalo na ra\u010dunalnik. Enostavno se namesti, enostavno se uporablja, je pa zelo navdu\u0161ujo\u010d.<\/p>","protected":false},"excerpt":{"rendered":"<p>Genijalna kocka<\/p>","protected":false},"featured_media":8653,"menu_order":0,"comment_status":"open","ping_status":"closed","template":"","meta":[],"product_brand":[],"product_cat":[132,125],"product_tag":[],"class_list":{"0":"post-3623","1":"product","2":"type-product","3":"status-publish","4":"has-post-thumbnail","6":"product_cat-mse-kontrolniki","7":"product_cat-snoezelen","9":"first","10":"instock","11":"taxable","12":"shipping-taxable","13":"purchasable","14":"product-type-simple"},"jetpack_sharing_enabled":true,"_links":{"self":[{"href":"https:\/\/senzorika-varga.si\/en\/wp-json\/wp\/v2\/product\/3623","targetHints":{"allow":["GET"]}}],"collection":[{"href":"https:\/\/senzorika-varga.si\/en\/wp-json\/wp\/v2\/product"}],"about":[{"href":"https:\/\/senzorika-varga.si\/en\/wp-json\/wp\/v2\/types\/product"}],"replies":[{"embeddable":true,"href":"https:\/\/senzorika-varga.si\/en\/wp-json\/wp\/v2\/comments?post=3623"}],"version-history":[{"count":1,"href":"https:\/\/senzorika-varga.si\/en\/wp-json\/wp\/v2\/product\/3623\/revisions"}],"predecessor-version":[{"id":3624,"href":"https:\/\/senzorika-varga.si\/en\/wp-json\/wp\/v2\/product\/3623\/revisions\/3624"}],"wp:featuredmedia":[{"embeddable":true,"href":"https:\/\/senzorika-varga.si\/en\/wp-json\/wp\/v2\/media\/8653"}],"wp:attachment":[{"href":"https:\/\/senzorika-varga.si\/en\/wp-json\/wp\/v2\/media?parent=3623"}],"wp:term":[{"taxonomy":"product_brand","embeddable":true,"href":"https:\/\/senzorika-varga.si\/en\/wp-json\/wp\/v2\/product_brand?post=3623"},{"taxonomy":"product_cat","embeddable":true,"href":"https:\/\/senzorika-varga.si\/en\/wp-json\/wp\/v2\/product_cat?post=3623"},{"taxonomy":"product_tag","embeddable":true,"href":"https:\/\/senzorika-varga.si\/en\/wp-json\/wp\/v2\/product_tag?post=3623"}],"curies":[{"name":"wp","href":"https:\/\/api.w.org\/{rel}","templated":true}]}}