{"id":3617,"date":"2025-11-03T21:56:46","date_gmt":"2025-11-03T21:56:46","guid":{"rendered":"https:\/\/senzorika.ajvonidol.si\/?post_type=product&#038;p=3617"},"modified":"2025-12-31T08:33:31","modified_gmt":"2025-12-31T08:33:31","slug":"ogromna-piano-blazina","status":"publish","type":"product","link":"https:\/\/senzorika-varga.si\/en\/product\/ogromna-piano-blazina\/","title":{"rendered":"Ogromna Piano blazina"},"content":{"rendered":"<div><!--block-->Blazina igra 8 razli\u010dnih zvokov instrumentov. Vklju\u010dena je tudi mo\u017enost snemanja in kasnej\u0161ega predvajanja. Za melodijo sledite barvam na glasbenih karticah.<\/div>","protected":false},"excerpt":{"rendered":"<p>Ogromna Piano blazina<\/p>","protected":false},"featured_media":6561,"menu_order":0,"comment_status":"open","ping_status":"closed","template":"","meta":[],"product_brand":[],"product_cat":[116,89,113,88,67],"product_tag":[],"class_list":{"0":"post-3617","1":"product","2":"type-product","3":"status-publish","4":"has-post-thumbnail","6":"product_cat-glasbeni-instrumenti","7":"product_cat-glasne-igrace","8":"product_cat-komunikacija","9":"product_cat-pripomocki-za-sluh","10":"product_cat-ravnotezje","12":"first","13":"instock","14":"taxable","15":"shipping-taxable","16":"purchasable","17":"product-type-simple"},"jetpack_sharing_enabled":true,"_links":{"self":[{"href":"https:\/\/senzorika-varga.si\/en\/wp-json\/wp\/v2\/product\/3617","targetHints":{"allow":["GET"]}}],"collection":[{"href":"https:\/\/senzorika-varga.si\/en\/wp-json\/wp\/v2\/product"}],"about":[{"href":"https:\/\/senzorika-varga.si\/en\/wp-json\/wp\/v2\/types\/product"}],"replies":[{"embeddable":true,"href":"https:\/\/senzorika-varga.si\/en\/wp-json\/wp\/v2\/comments?post=3617"}],"version-history":[{"count":1,"href":"https:\/\/senzorika-varga.si\/en\/wp-json\/wp\/v2\/product\/3617\/revisions"}],"predecessor-version":[{"id":3618,"href":"https:\/\/senzorika-varga.si\/en\/wp-json\/wp\/v2\/product\/3617\/revisions\/3618"}],"wp:featuredmedia":[{"embeddable":true,"href":"https:\/\/senzorika-varga.si\/en\/wp-json\/wp\/v2\/media\/6561"}],"wp:attachment":[{"href":"https:\/\/senzorika-varga.si\/en\/wp-json\/wp\/v2\/media?parent=3617"}],"wp:term":[{"taxonomy":"product_brand","embeddable":true,"href":"https:\/\/senzorika-varga.si\/en\/wp-json\/wp\/v2\/product_brand?post=3617"},{"taxonomy":"product_cat","embeddable":true,"href":"https:\/\/senzorika-varga.si\/en\/wp-json\/wp\/v2\/product_cat?post=3617"},{"taxonomy":"product_tag","embeddable":true,"href":"https:\/\/senzorika-varga.si\/en\/wp-json\/wp\/v2\/product_tag?post=3617"}],"curies":[{"name":"wp","href":"https:\/\/api.w.org\/{rel}","templated":true}]}}