{"id":3603,"date":"2025-11-03T21:56:45","date_gmt":"2025-11-03T21:56:45","guid":{"rendered":"https:\/\/senzorika.ajvonidol.si\/?post_type=product&#038;p=3603"},"modified":"2026-02-25T13:20:32","modified_gmt":"2026-02-25T13:20:32","slug":"globok-oblazinjen-coracle","status":"publish","type":"product","link":"https:\/\/senzorika-varga.si\/en\/product\/globok-oblazinjen-coracle\/","title":{"rendered":"Globok oblazinjen Coracle"},"content":{"rendered":"<div><!--block-->Vise\u010da jama z \u017eogami zagotovi lahek in globok dotik s kombinacijo vestibularnosti za veliko prilo\u017enosti za zabavo in igro. \u017doge in okvir niso vklju\u010deni v ceno.<\/div>","protected":false},"excerpt":{"rendered":"<p>Globok oblazinjen Coracle<\/p>","protected":false},"featured_media":7663,"menu_order":0,"comment_status":"open","ping_status":"closed","template":"","meta":[],"product_brand":[],"product_cat":[76,78,75],"product_tag":[],"class_list":{"0":"post-3603","1":"product","2":"type-product","3":"status-publish","4":"has-post-thumbnail","6":"product_cat-gugalnice","7":"product_cat-senzorna-integracija","8":"product_cat-vestibularni-pripomocki","10":"first","11":"instock","12":"taxable","13":"shipping-taxable","14":"purchasable","15":"product-type-simple"},"jetpack_sharing_enabled":true,"_links":{"self":[{"href":"https:\/\/senzorika-varga.si\/en\/wp-json\/wp\/v2\/product\/3603","targetHints":{"allow":["GET"]}}],"collection":[{"href":"https:\/\/senzorika-varga.si\/en\/wp-json\/wp\/v2\/product"}],"about":[{"href":"https:\/\/senzorika-varga.si\/en\/wp-json\/wp\/v2\/types\/product"}],"replies":[{"embeddable":true,"href":"https:\/\/senzorika-varga.si\/en\/wp-json\/wp\/v2\/comments?post=3603"}],"version-history":[{"count":2,"href":"https:\/\/senzorika-varga.si\/en\/wp-json\/wp\/v2\/product\/3603\/revisions"}],"predecessor-version":[{"id":13545,"href":"https:\/\/senzorika-varga.si\/en\/wp-json\/wp\/v2\/product\/3603\/revisions\/13545"}],"wp:featuredmedia":[{"embeddable":true,"href":"https:\/\/senzorika-varga.si\/en\/wp-json\/wp\/v2\/media\/7663"}],"wp:attachment":[{"href":"https:\/\/senzorika-varga.si\/en\/wp-json\/wp\/v2\/media?parent=3603"}],"wp:term":[{"taxonomy":"product_brand","embeddable":true,"href":"https:\/\/senzorika-varga.si\/en\/wp-json\/wp\/v2\/product_brand?post=3603"},{"taxonomy":"product_cat","embeddable":true,"href":"https:\/\/senzorika-varga.si\/en\/wp-json\/wp\/v2\/product_cat?post=3603"},{"taxonomy":"product_tag","embeddable":true,"href":"https:\/\/senzorika-varga.si\/en\/wp-json\/wp\/v2\/product_tag?post=3603"}],"curies":[{"name":"wp","href":"https:\/\/api.w.org\/{rel}","templated":true}]}}