{"id":3601,"date":"2025-11-03T21:56:45","date_gmt":"2025-11-03T21:56:45","guid":{"rendered":"https:\/\/senzorika.ajvonidol.si\/?post_type=product&#038;p=3601"},"modified":"2026-02-25T12:34:08","modified_gmt":"2026-02-25T12:34:08","slug":"tanek-bolster","status":"publish","type":"product","link":"https:\/\/senzorika-varga.si\/en\/product\/tanek-bolster\/","title":{"rendered":"Tanek Bolster"},"content":{"rendered":"<div><!--block-->Pri sedenju in gibanju v pokon\u010dni dr\u017ei spodbuja razvoj vestibularnega sistema. Okvir in zaponka nista vklju\u010dena v ceno!<\/div>","protected":false},"excerpt":{"rendered":"<p>Tanek Bolster<\/p>","protected":false},"featured_media":7646,"menu_order":0,"comment_status":"open","ping_status":"closed","template":"","meta":[],"product_brand":[],"product_cat":[76,78,75],"product_tag":[],"class_list":{"0":"post-3601","1":"product","2":"type-product","3":"status-publish","4":"has-post-thumbnail","6":"product_cat-gugalnice","7":"product_cat-senzorna-integracija","8":"product_cat-vestibularni-pripomocki","10":"first","11":"instock","12":"taxable","13":"shipping-taxable","14":"purchasable","15":"product-type-simple"},"jetpack_sharing_enabled":true,"_links":{"self":[{"href":"https:\/\/senzorika-varga.si\/en\/wp-json\/wp\/v2\/product\/3601","targetHints":{"allow":["GET"]}}],"collection":[{"href":"https:\/\/senzorika-varga.si\/en\/wp-json\/wp\/v2\/product"}],"about":[{"href":"https:\/\/senzorika-varga.si\/en\/wp-json\/wp\/v2\/types\/product"}],"replies":[{"embeddable":true,"href":"https:\/\/senzorika-varga.si\/en\/wp-json\/wp\/v2\/comments?post=3601"}],"version-history":[{"count":3,"href":"https:\/\/senzorika-varga.si\/en\/wp-json\/wp\/v2\/product\/3601\/revisions"}],"predecessor-version":[{"id":13543,"href":"https:\/\/senzorika-varga.si\/en\/wp-json\/wp\/v2\/product\/3601\/revisions\/13543"}],"wp:featuredmedia":[{"embeddable":true,"href":"https:\/\/senzorika-varga.si\/en\/wp-json\/wp\/v2\/media\/7646"}],"wp:attachment":[{"href":"https:\/\/senzorika-varga.si\/en\/wp-json\/wp\/v2\/media?parent=3601"}],"wp:term":[{"taxonomy":"product_brand","embeddable":true,"href":"https:\/\/senzorika-varga.si\/en\/wp-json\/wp\/v2\/product_brand?post=3601"},{"taxonomy":"product_cat","embeddable":true,"href":"https:\/\/senzorika-varga.si\/en\/wp-json\/wp\/v2\/product_cat?post=3601"},{"taxonomy":"product_tag","embeddable":true,"href":"https:\/\/senzorika-varga.si\/en\/wp-json\/wp\/v2\/product_tag?post=3601"}],"curies":[{"name":"wp","href":"https:\/\/api.w.org\/{rel}","templated":true}]}}