{"id":3595,"date":"2025-11-03T21:56:44","date_gmt":"2025-11-03T21:56:44","guid":{"rendered":"https:\/\/senzorika.ajvonidol.si\/?post_type=product&#038;p=3595"},"modified":"2026-02-27T10:46:22","modified_gmt":"2026-02-27T10:46:22","slug":"bungee-gugalnica","status":"publish","type":"product","link":"https:\/\/senzorika-varga.si\/en\/product\/bungee-gugalnica\/","title":{"rendered":"Bungee Gugalnica"},"content":{"rendered":"<div><!--block-->Za tiste, ki se radi odbijajo; uporabite na razli\u010dnih nivojih in z razli\u010dnimi polo\u017eaji telesa. Ne vklju\u010duje okvirja in zaponke &#8211; 8SWVL.<\/div>","protected":false},"excerpt":{"rendered":"<p>Bungee Gugalnica<\/p>","protected":false},"featured_media":7666,"menu_order":0,"comment_status":"open","ping_status":"closed","template":"","meta":[],"product_brand":[],"product_cat":[76,78,75],"product_tag":[],"class_list":{"0":"post-3595","1":"product","2":"type-product","3":"status-publish","4":"has-post-thumbnail","6":"product_cat-gugalnice","7":"product_cat-senzorna-integracija","8":"product_cat-vestibularni-pripomocki","10":"first","11":"instock","12":"taxable","13":"shipping-taxable","14":"purchasable","15":"product-type-simple"},"jetpack_sharing_enabled":true,"_links":{"self":[{"href":"https:\/\/senzorika-varga.si\/en\/wp-json\/wp\/v2\/product\/3595","targetHints":{"allow":["GET"]}}],"collection":[{"href":"https:\/\/senzorika-varga.si\/en\/wp-json\/wp\/v2\/product"}],"about":[{"href":"https:\/\/senzorika-varga.si\/en\/wp-json\/wp\/v2\/types\/product"}],"replies":[{"embeddable":true,"href":"https:\/\/senzorika-varga.si\/en\/wp-json\/wp\/v2\/comments?post=3595"}],"version-history":[{"count":2,"href":"https:\/\/senzorika-varga.si\/en\/wp-json\/wp\/v2\/product\/3595\/revisions"}],"predecessor-version":[{"id":13553,"href":"https:\/\/senzorika-varga.si\/en\/wp-json\/wp\/v2\/product\/3595\/revisions\/13553"}],"wp:featuredmedia":[{"embeddable":true,"href":"https:\/\/senzorika-varga.si\/en\/wp-json\/wp\/v2\/media\/7666"}],"wp:attachment":[{"href":"https:\/\/senzorika-varga.si\/en\/wp-json\/wp\/v2\/media?parent=3595"}],"wp:term":[{"taxonomy":"product_brand","embeddable":true,"href":"https:\/\/senzorika-varga.si\/en\/wp-json\/wp\/v2\/product_brand?post=3595"},{"taxonomy":"product_cat","embeddable":true,"href":"https:\/\/senzorika-varga.si\/en\/wp-json\/wp\/v2\/product_cat?post=3595"},{"taxonomy":"product_tag","embeddable":true,"href":"https:\/\/senzorika-varga.si\/en\/wp-json\/wp\/v2\/product_tag?post=3595"}],"curies":[{"name":"wp","href":"https:\/\/api.w.org\/{rel}","templated":true}]}}