{"id":3593,"date":"2025-11-03T21:56:44","date_gmt":"2025-11-03T21:56:44","guid":{"rendered":"https:\/\/senzorika.ajvonidol.si\/?post_type=product&#038;p=3593"},"modified":"2026-02-27T14:57:33","modified_gmt":"2026-02-27T14:57:33","slug":"dvojni-trapez","status":"publish","type":"product","link":"https:\/\/senzorika-varga.si\/en\/product\/dvojni-trapez\/","title":{"rendered":"Dvojni trapez"},"content":{"rendered":"<div><!--block-->Izzivi za mo\u010d, na\u010drtovanje in za ravnote\u017eje ter prilo\u017enosti za preobrat. V ceno ni vklju\u010den okvir in zaponka &#8211; 8SWVL.<\/div>","protected":false},"excerpt":{"rendered":"<p>Dvojni trapez<\/p>","protected":false},"featured_media":7661,"menu_order":0,"comment_status":"open","ping_status":"closed","template":"","meta":[],"product_brand":[],"product_cat":[78,75],"product_tag":[],"class_list":{"0":"post-3593","1":"product","2":"type-product","3":"status-publish","4":"has-post-thumbnail","6":"product_cat-senzorna-integracija","7":"product_cat-vestibularni-pripomocki","9":"first","10":"instock","11":"taxable","12":"shipping-taxable","13":"purchasable","14":"product-type-simple"},"jetpack_sharing_enabled":true,"_links":{"self":[{"href":"https:\/\/senzorika-varga.si\/en\/wp-json\/wp\/v2\/product\/3593","targetHints":{"allow":["GET"]}}],"collection":[{"href":"https:\/\/senzorika-varga.si\/en\/wp-json\/wp\/v2\/product"}],"about":[{"href":"https:\/\/senzorika-varga.si\/en\/wp-json\/wp\/v2\/types\/product"}],"replies":[{"embeddable":true,"href":"https:\/\/senzorika-varga.si\/en\/wp-json\/wp\/v2\/comments?post=3593"}],"version-history":[{"count":2,"href":"https:\/\/senzorika-varga.si\/en\/wp-json\/wp\/v2\/product\/3593\/revisions"}],"predecessor-version":[{"id":13554,"href":"https:\/\/senzorika-varga.si\/en\/wp-json\/wp\/v2\/product\/3593\/revisions\/13554"}],"wp:featuredmedia":[{"embeddable":true,"href":"https:\/\/senzorika-varga.si\/en\/wp-json\/wp\/v2\/media\/7661"}],"wp:attachment":[{"href":"https:\/\/senzorika-varga.si\/en\/wp-json\/wp\/v2\/media?parent=3593"}],"wp:term":[{"taxonomy":"product_brand","embeddable":true,"href":"https:\/\/senzorika-varga.si\/en\/wp-json\/wp\/v2\/product_brand?post=3593"},{"taxonomy":"product_cat","embeddable":true,"href":"https:\/\/senzorika-varga.si\/en\/wp-json\/wp\/v2\/product_cat?post=3593"},{"taxonomy":"product_tag","embeddable":true,"href":"https:\/\/senzorika-varga.si\/en\/wp-json\/wp\/v2\/product_tag?post=3593"}],"curies":[{"name":"wp","href":"https:\/\/api.w.org\/{rel}","templated":true}]}}