{"id":3585,"date":"2025-11-03T21:56:42","date_gmt":"2025-11-03T21:56:42","guid":{"rendered":"https:\/\/senzorika.ajvonidol.si\/?post_type=product&#038;p=3585"},"modified":"2025-12-31T08:34:23","modified_gmt":"2025-12-31T08:34:23","slug":"kvadratni-bolster","status":"publish","type":"product","link":"https:\/\/senzorika-varga.si\/en\/product\/kvadratni-bolster\/","title":{"rendered":"Kvadratni Bolster"},"content":{"rendered":"<div><!--block-->Gugalnica s stabilno bazo omogo\u010da veliko vestibularne stimulacije; propriocepcija se lahko spodbudi na na\u010din, da z vle\u010denjem ustvarimo gibanje. Vklju\u010duje zaponko &#8211; 8SWVL.<\/div>","protected":false},"excerpt":{"rendered":"<p>Kvadratni Bolster<\/p>","protected":false},"featured_media":7645,"menu_order":0,"comment_status":"open","ping_status":"closed","template":"","meta":[],"product_brand":[],"product_cat":[78,75],"product_tag":[],"class_list":{"0":"post-3585","1":"product","2":"type-product","3":"status-publish","4":"has-post-thumbnail","6":"product_cat-senzorna-integracija","7":"product_cat-vestibularni-pripomocki","9":"first","10":"instock","11":"taxable","12":"shipping-taxable","13":"purchasable","14":"product-type-simple"},"jetpack_sharing_enabled":true,"_links":{"self":[{"href":"https:\/\/senzorika-varga.si\/en\/wp-json\/wp\/v2\/product\/3585","targetHints":{"allow":["GET"]}}],"collection":[{"href":"https:\/\/senzorika-varga.si\/en\/wp-json\/wp\/v2\/product"}],"about":[{"href":"https:\/\/senzorika-varga.si\/en\/wp-json\/wp\/v2\/types\/product"}],"replies":[{"embeddable":true,"href":"https:\/\/senzorika-varga.si\/en\/wp-json\/wp\/v2\/comments?post=3585"}],"version-history":[{"count":1,"href":"https:\/\/senzorika-varga.si\/en\/wp-json\/wp\/v2\/product\/3585\/revisions"}],"predecessor-version":[{"id":3586,"href":"https:\/\/senzorika-varga.si\/en\/wp-json\/wp\/v2\/product\/3585\/revisions\/3586"}],"wp:featuredmedia":[{"embeddable":true,"href":"https:\/\/senzorika-varga.si\/en\/wp-json\/wp\/v2\/media\/7645"}],"wp:attachment":[{"href":"https:\/\/senzorika-varga.si\/en\/wp-json\/wp\/v2\/media?parent=3585"}],"wp:term":[{"taxonomy":"product_brand","embeddable":true,"href":"https:\/\/senzorika-varga.si\/en\/wp-json\/wp\/v2\/product_brand?post=3585"},{"taxonomy":"product_cat","embeddable":true,"href":"https:\/\/senzorika-varga.si\/en\/wp-json\/wp\/v2\/product_cat?post=3585"},{"taxonomy":"product_tag","embeddable":true,"href":"https:\/\/senzorika-varga.si\/en\/wp-json\/wp\/v2\/product_tag?post=3585"}],"curies":[{"name":"wp","href":"https:\/\/api.w.org\/{rel}","templated":true}]}}