{"id":3583,"date":"2025-11-03T21:56:42","date_gmt":"2025-11-03T21:56:42","guid":{"rendered":"https:\/\/senzorika.ajvonidol.si\/?post_type=product&#038;p=3583"},"modified":"2025-12-31T08:34:23","modified_gmt":"2025-12-31T08:34:23","slug":"gugalnica-helikopter","status":"publish","type":"product","link":"https:\/\/senzorika-varga.si\/en\/product\/gugalnica-helikopter\/","title":{"rendered":"Gugalnica Helikopter"},"content":{"rendered":"<div><!--block-->Podlo\u017eene zanke omogo\u010dajo, da eksperimentirate s premikanjem roke in noge v vodoravnem polo\u017eaju, medtem ko razvijate gibanje in na\u010drtujete spretnosti. Vklju\u010duje zaponko &#8211; 8SWVL.<\/div>","protected":false},"excerpt":{"rendered":"<p>Gugalnica Helikopter<\/p>","protected":false},"featured_media":7670,"menu_order":0,"comment_status":"open","ping_status":"closed","template":"","meta":[],"product_brand":[],"product_cat":[78,75],"product_tag":[],"class_list":{"0":"post-3583","1":"product","2":"type-product","3":"status-publish","4":"has-post-thumbnail","6":"product_cat-senzorna-integracija","7":"product_cat-vestibularni-pripomocki","9":"first","10":"instock","11":"taxable","12":"shipping-taxable","13":"purchasable","14":"product-type-simple"},"jetpack_sharing_enabled":true,"_links":{"self":[{"href":"https:\/\/senzorika-varga.si\/en\/wp-json\/wp\/v2\/product\/3583","targetHints":{"allow":["GET"]}}],"collection":[{"href":"https:\/\/senzorika-varga.si\/en\/wp-json\/wp\/v2\/product"}],"about":[{"href":"https:\/\/senzorika-varga.si\/en\/wp-json\/wp\/v2\/types\/product"}],"replies":[{"embeddable":true,"href":"https:\/\/senzorika-varga.si\/en\/wp-json\/wp\/v2\/comments?post=3583"}],"version-history":[{"count":1,"href":"https:\/\/senzorika-varga.si\/en\/wp-json\/wp\/v2\/product\/3583\/revisions"}],"predecessor-version":[{"id":3584,"href":"https:\/\/senzorika-varga.si\/en\/wp-json\/wp\/v2\/product\/3583\/revisions\/3584"}],"wp:featuredmedia":[{"embeddable":true,"href":"https:\/\/senzorika-varga.si\/en\/wp-json\/wp\/v2\/media\/7670"}],"wp:attachment":[{"href":"https:\/\/senzorika-varga.si\/en\/wp-json\/wp\/v2\/media?parent=3583"}],"wp:term":[{"taxonomy":"product_brand","embeddable":true,"href":"https:\/\/senzorika-varga.si\/en\/wp-json\/wp\/v2\/product_brand?post=3583"},{"taxonomy":"product_cat","embeddable":true,"href":"https:\/\/senzorika-varga.si\/en\/wp-json\/wp\/v2\/product_cat?post=3583"},{"taxonomy":"product_tag","embeddable":true,"href":"https:\/\/senzorika-varga.si\/en\/wp-json\/wp\/v2\/product_tag?post=3583"}],"curies":[{"name":"wp","href":"https:\/\/api.w.org\/{rel}","templated":true}]}}