{"id":3581,"date":"2025-11-03T21:56:42","date_gmt":"2025-11-03T21:56:42","guid":{"rendered":"https:\/\/senzorika.ajvonidol.si\/?post_type=product&#038;p=3581"},"modified":"2026-02-27T10:44:23","modified_gmt":"2026-02-27T10:44:23","slug":"gugalnica-sling","status":"publish","type":"product","link":"https:\/\/senzorika-varga.si\/en\/product\/gugalnica-sling\/","title":{"rendered":"Gugalnica Sling"},"content":{"rendered":"<div><!--block-->Otrokom nudi varen in miren prostor za branje, dreme\u017e ali igranje s senzori\u010dnimi igra\u010dami. Gugalnica je podobna kokonu, ki daje ob\u010dutek podoben objemu in pomirjujo\u010d pritisk dotika. Je iz mehke tkanine. Ne\u017eno nihanje spodbuja telesni ob\u010dutek za ravnote\u017eje, igrivo podpira razvoj va\u0161ega otroka, hkrati pa zagotavlja vestibularni in proprioceptivni vnos. Ne vklju\u010duje okvirja in zaponke &#8211; 8SWVL.<\/div>","protected":false},"excerpt":{"rendered":"<p>Gugalnica Sling<\/p>","protected":false},"featured_media":7681,"menu_order":0,"comment_status":"open","ping_status":"closed","template":"","meta":[],"product_brand":[],"product_cat":[78,75],"product_tag":[],"class_list":{"0":"post-3581","1":"product","2":"type-product","3":"status-publish","4":"has-post-thumbnail","6":"product_cat-senzorna-integracija","7":"product_cat-vestibularni-pripomocki","9":"first","10":"instock","11":"taxable","12":"shipping-taxable","13":"purchasable","14":"product-type-simple"},"jetpack_sharing_enabled":true,"_links":{"self":[{"href":"https:\/\/senzorika-varga.si\/en\/wp-json\/wp\/v2\/product\/3581","targetHints":{"allow":["GET"]}}],"collection":[{"href":"https:\/\/senzorika-varga.si\/en\/wp-json\/wp\/v2\/product"}],"about":[{"href":"https:\/\/senzorika-varga.si\/en\/wp-json\/wp\/v2\/types\/product"}],"replies":[{"embeddable":true,"href":"https:\/\/senzorika-varga.si\/en\/wp-json\/wp\/v2\/comments?post=3581"}],"version-history":[{"count":3,"href":"https:\/\/senzorika-varga.si\/en\/wp-json\/wp\/v2\/product\/3581\/revisions"}],"predecessor-version":[{"id":13552,"href":"https:\/\/senzorika-varga.si\/en\/wp-json\/wp\/v2\/product\/3581\/revisions\/13552"}],"wp:featuredmedia":[{"embeddable":true,"href":"https:\/\/senzorika-varga.si\/en\/wp-json\/wp\/v2\/media\/7681"}],"wp:attachment":[{"href":"https:\/\/senzorika-varga.si\/en\/wp-json\/wp\/v2\/media?parent=3581"}],"wp:term":[{"taxonomy":"product_brand","embeddable":true,"href":"https:\/\/senzorika-varga.si\/en\/wp-json\/wp\/v2\/product_brand?post=3581"},{"taxonomy":"product_cat","embeddable":true,"href":"https:\/\/senzorika-varga.si\/en\/wp-json\/wp\/v2\/product_cat?post=3581"},{"taxonomy":"product_tag","embeddable":true,"href":"https:\/\/senzorika-varga.si\/en\/wp-json\/wp\/v2\/product_tag?post=3581"}],"curies":[{"name":"wp","href":"https:\/\/api.w.org\/{rel}","templated":true}]}}