{"id":3569,"date":"2025-11-03T21:56:41","date_gmt":"2025-11-03T21:56:41","guid":{"rendered":"https:\/\/senzorika.ajvonidol.si\/?post_type=product&#038;p=3569"},"modified":"2026-02-25T13:36:50","modified_gmt":"2026-02-25T13:36:50","slug":"majhna-kvadratasta-platforma","status":"publish","type":"product","link":"https:\/\/senzorika-varga.si\/en\/product\/majhna-kvadratasta-platforma\/","title":{"rendered":"Majhna kvadratasta platforma"},"content":{"rendered":"<div><!--block-->Vestibularna stimulacija se lahko uporablja v vodoravni legi za izbolj\u0161anje sposobnosti kljub te\u017enosti. Okvir in zaponka nista vklju\u010dena!<\/div>","protected":false},"excerpt":{"rendered":"<p>Majhna kvadratasta platforma<\/p>","protected":false},"featured_media":7676,"menu_order":0,"comment_status":"open","ping_status":"closed","template":"","meta":[],"product_brand":[],"product_cat":[78,125,75],"product_tag":[],"class_list":{"0":"post-3569","1":"product","2":"type-product","3":"status-publish","4":"has-post-thumbnail","6":"product_cat-senzorna-integracija","7":"product_cat-snoezelen","8":"product_cat-vestibularni-pripomocki","10":"first","11":"instock","12":"taxable","13":"shipping-taxable","14":"purchasable","15":"product-type-simple"},"jetpack_sharing_enabled":true,"_links":{"self":[{"href":"https:\/\/senzorika-varga.si\/en\/wp-json\/wp\/v2\/product\/3569","targetHints":{"allow":["GET"]}}],"collection":[{"href":"https:\/\/senzorika-varga.si\/en\/wp-json\/wp\/v2\/product"}],"about":[{"href":"https:\/\/senzorika-varga.si\/en\/wp-json\/wp\/v2\/types\/product"}],"replies":[{"embeddable":true,"href":"https:\/\/senzorika-varga.si\/en\/wp-json\/wp\/v2\/comments?post=3569"}],"version-history":[{"count":2,"href":"https:\/\/senzorika-varga.si\/en\/wp-json\/wp\/v2\/product\/3569\/revisions"}],"predecessor-version":[{"id":13547,"href":"https:\/\/senzorika-varga.si\/en\/wp-json\/wp\/v2\/product\/3569\/revisions\/13547"}],"wp:featuredmedia":[{"embeddable":true,"href":"https:\/\/senzorika-varga.si\/en\/wp-json\/wp\/v2\/media\/7676"}],"wp:attachment":[{"href":"https:\/\/senzorika-varga.si\/en\/wp-json\/wp\/v2\/media?parent=3569"}],"wp:term":[{"taxonomy":"product_brand","embeddable":true,"href":"https:\/\/senzorika-varga.si\/en\/wp-json\/wp\/v2\/product_brand?post=3569"},{"taxonomy":"product_cat","embeddable":true,"href":"https:\/\/senzorika-varga.si\/en\/wp-json\/wp\/v2\/product_cat?post=3569"},{"taxonomy":"product_tag","embeddable":true,"href":"https:\/\/senzorika-varga.si\/en\/wp-json\/wp\/v2\/product_tag?post=3569"}],"curies":[{"name":"wp","href":"https:\/\/api.w.org\/{rel}","templated":true}]}}