{"id":3407,"date":"2025-11-03T21:56:21","date_gmt":"2025-11-03T21:56:21","guid":{"rendered":"https:\/\/senzorika.ajvonidol.si\/?post_type=product&#038;p=3407"},"modified":"2025-12-31T08:37:10","modified_gmt":"2025-12-31T08:37:10","slug":"zascitni-rokav-2","status":"publish","type":"product","link":"https:\/\/senzorika-varga.si\/en\/product\/zascitni-rokav-2\/","title":{"rendered":"Za\u0161\u010ditni rokav &#8211; velik"},"content":{"rendered":"<div><!--block-->Nudi za\u0161\u010dito pri delu z osebami, ki imajo te\u017eave pri obna\u0161anju. Primerno je za uporabnika samega ali za u\u010ditelja, terapevta. Rokav \u0161\u010diti pred \u0161\u010dipanjem ali ugrizi podlahti. Pomaga tudi pri prepre\u010devanju samopo\u0161kodbe. Namesti se s Velcro je\u017eki in se lahko prilagaja velikosti roke. Zunanjost je iz vodo-odpornega najlona, notranjost pa iz trpe\u017ene pene. Prodaja se v paru. Za primerno velikost izmerite najbolj \u0161irok del podlahti.<\/div>","protected":false},"excerpt":{"rendered":"<p>Za\u0161\u010ditni rokav &#8211; velik<\/p>","protected":false},"featured_media":8688,"menu_order":0,"comment_status":"open","ping_status":"closed","template":"","meta":[],"product_brand":[],"product_cat":[125],"product_tag":[],"class_list":{"0":"post-3407","1":"product","2":"type-product","3":"status-publish","4":"has-post-thumbnail","6":"product_cat-snoezelen","8":"first","9":"instock","10":"taxable","11":"shipping-taxable","12":"purchasable","13":"product-type-simple"},"jetpack_sharing_enabled":true,"_links":{"self":[{"href":"https:\/\/senzorika-varga.si\/en\/wp-json\/wp\/v2\/product\/3407","targetHints":{"allow":["GET"]}}],"collection":[{"href":"https:\/\/senzorika-varga.si\/en\/wp-json\/wp\/v2\/product"}],"about":[{"href":"https:\/\/senzorika-varga.si\/en\/wp-json\/wp\/v2\/types\/product"}],"replies":[{"embeddable":true,"href":"https:\/\/senzorika-varga.si\/en\/wp-json\/wp\/v2\/comments?post=3407"}],"version-history":[{"count":1,"href":"https:\/\/senzorika-varga.si\/en\/wp-json\/wp\/v2\/product\/3407\/revisions"}],"predecessor-version":[{"id":3408,"href":"https:\/\/senzorika-varga.si\/en\/wp-json\/wp\/v2\/product\/3407\/revisions\/3408"}],"wp:featuredmedia":[{"embeddable":true,"href":"https:\/\/senzorika-varga.si\/en\/wp-json\/wp\/v2\/media\/8688"}],"wp:attachment":[{"href":"https:\/\/senzorika-varga.si\/en\/wp-json\/wp\/v2\/media?parent=3407"}],"wp:term":[{"taxonomy":"product_brand","embeddable":true,"href":"https:\/\/senzorika-varga.si\/en\/wp-json\/wp\/v2\/product_brand?post=3407"},{"taxonomy":"product_cat","embeddable":true,"href":"https:\/\/senzorika-varga.si\/en\/wp-json\/wp\/v2\/product_cat?post=3407"},{"taxonomy":"product_tag","embeddable":true,"href":"https:\/\/senzorika-varga.si\/en\/wp-json\/wp\/v2\/product_tag?post=3407"}],"curies":[{"name":"wp","href":"https:\/\/api.w.org\/{rel}","templated":true}]}}